{"id":2482,"date":"2023-09-07T15:40:33","date_gmt":"2023-09-07T15:40:33","guid":{"rendered":"https:\/\/karaaslantarim.com\/?page_id=2482"},"modified":"2023-10-14T10:38:21","modified_gmt":"2023-10-14T10:38:21","slug":"karaaslanda-kariyer","status":"publish","type":"page","link":"https:\/\/karaaslantarim.com\/ru\/karaaslanda-kariyer","title":{"rendered":"\u041a\u0430\u0440\u044c\u0435\u0440\u0430 \u0432 \u041a\u0430\u0440\u0430\u0430\u0441\u043b\u0430\u043d\u0435"},"content":{"rendered":"<div class=\"fusion-fullwidth fullwidth-box fusion-builder-row-1 fusion-flex-container has-pattern-background has-mask-background nonhundred-percent-fullwidth non-hundred-percent-height-scrolling\" style=\"--awb-border-radius-top-left:0px;--awb-border-radius-top-right:0px;--awb-border-radius-bottom-right:0px;--awb-border-radius-bottom-left:0px;--awb-flex-wrap:wrap;\" ><div class=\"fusion-builder-row fusion-row fusion-flex-align-items-flex-start fusion-flex-content-wrap\" style=\"max-width:1248px;margin-left: calc(-4% \/ 2 );margin-right: calc(-4% \/ 2 );\"><div class=\"fusion-layout-column fusion_builder_column fusion-builder-column-0 fusion_builder_column_1_1 1_1 fusion-flex-column\" style=\"--awb-bg-size:cover;--awb-width-large:100%;--awb-margin-top-large:0px;--awb-spacing-right-large:1.92%;--awb-margin-bottom-large:20px;--awb-spacing-left-large:1.92%;--awb-width-medium:100%;--awb-order-medium:0;--awb-spacing-right-medium:1.92%;--awb-spacing-left-medium:1.92%;--awb-width-small:100%;--awb-order-small:0;--awb-spacing-right-small:1.92%;--awb-spacing-left-small:1.92%;\"><div class=\"fusion-column-wrapper fusion-column-has-shadow fusion-flex-justify-content-flex-start fusion-content-layout-column\"><div class=\"frm_forms  with_frm_style frm_style_formidable-style frm_full_submit\" id=\"frm_form_2_container\" data-token=\"ba53eb82e6a4132f3aba4d8acbb84679\">\n<form enctype=\"multipart\/form-data\" method=\"post\" class=\"frm-show-form  frm_js_validate  frm_ajax_submit  frm_pro_form \" id=\"form_insan_kaynaklari\" data-token=\"ba53eb82e6a4132f3aba4d8acbb84679\">\n<div class=\"frm_form_fields \">\n<fieldset>\n<legend class=\"frm_screen_reader\">INSAN_KAYNAKLARI<\/legend>\r\n\r\n<div class=\"frm_fields_container\">\n<input type=\"hidden\" name=\"frm_action\" value=\"create\" \/>\n<input type=\"hidden\" name=\"form_id\" value=\"2\" \/>\n<input type=\"hidden\" name=\"frm_hide_fields_2\" id=\"frm_hide_fields_2\" value=\"\" \/>\n<input type=\"hidden\" name=\"form_key\" value=\"insan_kaynaklari\" \/>\n<input type=\"hidden\" name=\"item_meta[0]\" value=\"\" \/>\n<input type=\"hidden\" id=\"frm_submit_entry_2\" name=\"frm_submit_entry_2\" value=\"3f53968021\" \/><input type=\"hidden\" name=\"_wp_http_referer\" value=\"\/ru\/wp-json\/wp\/v2\/pages\/2482\" \/><div id=\"frm_field_6_container\" class=\"frm_form_field form-field  frm_required_field frm_top_container frm6 frm_first\">\r\n    <label for=\"field_y2nm9\" id=\"field_y2nm9_label\" class=\"frm_primary_label\">Ad\u0131n\u0131z Soyad\u0131n\u0131z\r\n        <span class=\"frm_required\" aria-hidden=\"true\">*<\/span>\r\n    <\/label>\r\n    <input  type=\"text\" id=\"field_y2nm9\" name=\"item_meta[6]\" value=\"\"  placeholder=\"Ad\u0131n\u0131z Soyad\u0131n\u0131z\" data-reqmsg=\"Ad\u0131n\u0131z Soyad\u0131n\u0131z cannot be blank.\" aria-required=\"true\" data-invmsg=\"Text is invalid\" aria-invalid=\"false\"   \/>\r\n    \r\n    \r\n<\/div>\n<div id=\"frm_field_7_container\" class=\"frm_form_field form-field  frm_required_field frm_top_container frm6\">\r\n    <label for=\"field_rck5u\" id=\"field_rck5u_label\" class=\"frm_primary_label\">Cep Telefon\r\n        <span class=\"frm_required\" aria-hidden=\"true\">*<\/span>\r\n    <\/label>\r\n    <input  type=\"text\" id=\"field_rck5u\" name=\"item_meta[7]\" value=\"\"  placeholder=\"Cep Telefon\" data-reqmsg=\"Cep Telefon cannot be blank.\" aria-required=\"true\" data-invmsg=\"Text is invalid\" aria-invalid=\"false\"   \/>\r\n    \r\n    \r\n<\/div>\n<div id=\"frm_field_13_container\" class=\"frm_form_field form-field  frm_required_field frm_top_container frm6 frm_first\">\r\n    <label for=\"field_j8vhq\" id=\"field_j8vhq_label\" class=\"frm_primary_label\">E-Mail\r\n        <span class=\"frm_required\" aria-hidden=\"true\">*<\/span>\r\n    <\/label>\r\n    <input type=\"email\" id=\"field_j8vhq\" name=\"item_meta[13]\" value=\"\"  placeholder=\"E-Mail\" data-reqmsg=\"E-Mail cannot be blank.\" aria-required=\"true\" data-invmsg=\"Email is invalid\" aria-invalid=\"false\"  \/>\r\n    \r\n    \r\n<\/div>\n<div id=\"frm_field_8_container\" class=\"frm_form_field form-field  frm_required_field frm_top_container frm6\">\r\n    <label for=\"field_pbper\" id=\"field_pbper_label\" class=\"frm_primary_label\">Cinsiyet\r\n        <span class=\"frm_required\" aria-hidden=\"true\">*<\/span>\r\n    <\/label>\r\n    \t\t<select name=\"item_meta[8]\" id=\"field_pbper\"  data-frmval=\"Bay\" data-reqmsg=\"Cinsiyet cannot be blank.\" aria-required=\"true\" data-invmsg=\"Cinsiyet \u043d\u0435\u0434\u0435\u0439\u0441\u0442\u0432\u0438\u0442\u0435\u043b\u0435\u043d\" aria-invalid=\"false\"  >\n\t\t<option  value=\"Bay\" selected='selected'>Bay<\/option><option  value=\"Bayan\">Bayan<\/option>\t<\/select>\n\t\r\n    \r\n    \r\n<\/div>\n<div id=\"frm_field_9_container\" class=\"frm_form_field form-field  frm_required_field frm_top_container frm6 frm_first\">\r\n    <label for=\"field_t5rdn\" id=\"field_t5rdn_label\" class=\"frm_primary_label\">Medeni Hal\r\n        <span class=\"frm_required\" aria-hidden=\"true\">*<\/span>\r\n    <\/label>\r\n    \t\t<select name=\"item_meta[9]\" id=\"field_t5rdn\"  data-frmval=\"Bekar\" data-reqmsg=\"Medeni Hal cannot be blank.\" aria-required=\"true\" data-invmsg=\"Medeni Hal \u043d\u0435\u0434\u0435\u0439\u0441\u0442\u0432\u0438\u0442\u0435\u043b\u0435\u043d\" aria-invalid=\"false\"  >\n\t\t<option  value=\"Bekar\" selected='selected'>Bekar<\/option><option  value=\"Ni\u015fanl\u0131\">Ni\u015fanl\u0131<\/option><option  value=\"Evli\">Evli<\/option>\t<\/select>\n\t\r\n    \r\n    \r\n<\/div>\n<div id=\"frm_field_10_container\" class=\"frm_form_field form-field  frm_required_field frm_top_container frm6\">\r\n    <label for=\"field_6glwl\" id=\"field_6glwl_label\" class=\"frm_primary_label\">Askerlik Durum\r\n        <span class=\"frm_required\" aria-hidden=\"true\">*<\/span>\r\n    <\/label>\r\n    \t\t<select name=\"item_meta[10]\" id=\"field_6glwl\"  data-frmval=\"Yapt\u0131\" data-reqmsg=\"Askerlik Durum cannot be blank.\" aria-required=\"true\" data-invmsg=\"Askerlik Durum \u043d\u0435\u0434\u0435\u0439\u0441\u0442\u0432\u0438\u0442\u0435\u043b\u0435\u043d\" aria-invalid=\"false\"  >\n\t\t<option  value=\"Yapt\u0131\" selected='selected'>Yapt\u0131<\/option><option  value=\"Yap\u0131lmad\u0131\">Yap\u0131lmad\u0131<\/option><option  value=\"Tescilli\">Tescilli<\/option><option  value=\"Muaf\">Muaf<\/option>\t<\/select>\n\t\r\n    \r\n    \r\n<\/div>\n<div id=\"frm_field_11_container\" class=\"frm_form_field form-field  frm_required_field frm_top_container\">\r\n    <label for=\"field_5543l\" id=\"field_5543l_label\" class=\"frm_primary_label\">Eklemek \u0130stedikleriniz\r\n        <span class=\"frm_required\" aria-hidden=\"true\">*<\/span>\r\n    <\/label>\r\n    <textarea name=\"item_meta[11]\" id=\"field_5543l\" rows=\"5\"  data-reqmsg=\"Eklemek \u0130stedikleriniz cannot be blank.\" aria-required=\"true\" data-invmsg=\"Paragraph is invalid\" aria-invalid=\"false\"  ><\/textarea>\r\n    \r\n    \r\n<\/div>\n<div id=\"frm_field_12_container\" class=\"frm_form_field form-field  frm_required_field frm_top_container\">\r\n    <label for=\"field_qiijx\" id=\"field_qiijx_label\" class=\"frm_primary_label\">Cv Y\u00fckleme (.PDF)\r\n        <span class=\"frm_required\" aria-hidden=\"true\">*<\/span>\r\n    <\/label>\r\n    <input type=\"hidden\"  data-reqmsg=\"Cv Y\u00fckleme (.PDF) cannot be blank.\" data-invmsg=\"File Upload is invalid\" class=\"auto_width\" aria-invalid=\"false\"   name=\"item_meta[12][]\"  data-reqmsg=\"Cv Y\u00fckleme (.PDF) cannot be blank.\"  value=\"\" data-frmfile=\"12\" \/>\n\n<div class=\"frm_dropzone frm_multi_upload frm_clearfix\" id=\"file12_dropzone\" role=\"group\" >\n\t<div class=\"fallback\">\n\t\t<input type=\"file\" name=\"file12[]\" id=\"field_qiijx\"\n\t\t\t data-frmfile=\"12\" multiple=\"multiple\"  data-reqmsg=\"Cv Y\u00fckleme (.PDF) cannot be blank.\" data-invmsg=\"File Upload is invalid\" class=\"auto_width\" aria-invalid=\"false\"  \t\t\t\/>\n\t\t\t\t<div class=\"frm_clearfix \"><\/div>\n\t<\/div>\n\t<div class=\"dz-message needsclick\">\n\t\t\t\t<svg  viewBox=\"0 0 18 18\" class=\"frmsvg frm-svg-icon\">\n\t<path viewBox=\"0 0 18 18\" fill-rule=\"evenodd\" clip-rule=\"evenodd\" d=\"M8.2 4v8a.8.8 0 001.5 0V4l2.1 2.2A.7.7 0 1013 5L9.5 1.7a.7.7 0 00-1.1 0L5.1 5.2a.8.8 0 001 1l2.1-2zm7.6 4.3c.4 0 .7.3.7.7v6.8c0 .4-.3.7-.8.7H2.3a.8.8 0 01-.8-.8V9A.8.8 0 013 9v6h12V9c0-.4.3-.8.8-.8z\"><\/path>\n<\/svg>\t\t<span class=\"frm_upload_text\"><button type=\"button\" aria-label=\"Cv Y\u00fckleme (.PDF). Buraya bir dosya b\u0131rak\u0131n veya y\u00fcklemek i\u00e7in t\u0131klay\u0131n. Maximum file size: 20MB\">Buraya bir dosya b\u0131rak\u0131n veya y\u00fcklemek i\u00e7in t\u0131klay\u0131n<\/button><\/span>\n\t\t<span class=\"frm_compact_text\"><button type=\"button\" aria-label=\"Cv Y\u00fckleme (.PDF). CV Se\u00e7iniz. Maximum file size: 20MB\">CV Se\u00e7iniz<\/button><\/span>\n\t\t<div class=\"frm_small_text\">\n\t\t\t<p>Maximum file size: 20MB<\/p>\n\t\t<\/div>\n\t<\/div>\n<\/div>\n\t\r\n    \r\n    \r\n<\/div>\n<div id=\"frm_field_16_container\" class=\"frm_form_field form-field  frm_required_field frm_top_container vertical_radio\">\n    <div  id=\"field_r1cx0_label\" class=\"frm_primary_label\">\n        <span class=\"frm_required\" aria-hidden=\"true\">*<\/span>\n    <\/div>\n    <div class=\"frm_opt_container\" aria-labelledby=\"field_r1cx0_label\" role=\"group\">\t\t<div class=\"frm_checkbox\" id=\"frm_checkbox_16-0\">\t\t\t<label  for=\"field_r1cx0-0\">\n\t\t\t<input type=\"checkbox\" name=\"item_meta[16][]\" id=\"field_r1cx0-0\" value=\"&lt;a href=&quot;https:\/\/karaaslantarim.com\/kvkk-aydinlatma-metni&quot;&gt;KVKK Ayd\u0131nlatma Metnini&lt;\/a&gt; okudum ve ko\u015fullara kat\u0131l\u0131yorum.\"  data-frmval=\"1\" data-reqmsg=\"This field cannot be blank.\" data-invmsg=\"This field \u043d\u0435\u0434\u0435\u0439\u0441\u0442\u0432\u0438\u0442\u0435\u043b\u0435\u043d\"   aria-required=\"true\"  \/> <a href=\"https:\/\/karaaslantarim.com\/kvkk-aydinlatma-metni\">KVKK Ayd\u0131nlatma Metnini<\/a> okudum ve ko\u015fullara kat\u0131l\u0131yorum.<\/label><\/div>\n<\/div>\n    \n    \n<\/div>\n\t<input type=\"hidden\" name=\"item_key\" value=\"\" \/>\n\t\t\t<div id=\"frm_field_17_container\">\n\t\t\t<label for=\"field_wiii8\" >\n\t\t\t\t\u0415\u0441\u043b\u0438 \u0432\u044b \u0447\u0435\u043b\u043e\u0432\u0435\u043a, \u043e\u0441\u0442\u0430\u0432\u044c\u0442\u0435 \u044d\u0442\u043e \u043f\u043e\u043b\u0435 \u043f\u0443\u0441\u0442\u044b\u043c.\t\t\t<\/label>\n\t\t\t<input  id=\"field_wiii8\" type=\"text\" class=\"frm_form_field form-field frm_verify\" name=\"item_meta[17]\" value=\"\"  \/>\n\t\t<\/div>\n\t\t<input name=\"frm_state\" type=\"hidden\" value=\"IMfwSuTKBAO\/odPN9EA3AeD6i0FN6WwiZD+6McSA5NFkSC5\/d2eodLk6KPyFkdYK\" \/><div class=\"frm_submit\">\r\n\r\n<button class=\"frm_button_submit frm_final_submit\" type=\"submit\"   formnovalidate=\"formnovalidate\">Bilgileri G\u00f6nder<\/button>\r\n\r\n\r\n<\/div><\/div>\n<\/fieldset>\n<\/div>\n\n<\/form>\n<\/div>\n<\/div><\/div><\/div><\/div>\n","protected":false},"excerpt":{"rendered":"","protected":false},"author":1,"featured_media":3028,"parent":0,"menu_order":0,"comment_status":"closed","ping_status":"closed","template":"100-width.php","meta":{"footnotes":""},"class_list":["post-2482","page","type-page","status-publish","has-post-thumbnail","hentry"],"aioseo_notices":[],"_links":{"self":[{"href":"https:\/\/karaaslantarim.com\/ru\/wp-json\/wp\/v2\/pages\/2482","targetHints":{"allow":["GET"]}}],"collection":[{"href":"https:\/\/karaaslantarim.com\/ru\/wp-json\/wp\/v2\/pages"}],"about":[{"href":"https:\/\/karaaslantarim.com\/ru\/wp-json\/wp\/v2\/types\/page"}],"author":[{"embeddable":true,"href":"https:\/\/karaaslantarim.com\/ru\/wp-json\/wp\/v2\/users\/1"}],"replies":[{"embeddable":true,"href":"https:\/\/karaaslantarim.com\/ru\/wp-json\/wp\/v2\/comments?post=2482"}],"version-history":[{"count":3,"href":"https:\/\/karaaslantarim.com\/ru\/wp-json\/wp\/v2\/pages\/2482\/revisions"}],"predecessor-version":[{"id":2757,"href":"https:\/\/karaaslantarim.com\/ru\/wp-json\/wp\/v2\/pages\/2482\/revisions\/2757"}],"wp:featuredmedia":[{"embeddable":true,"href":"https:\/\/karaaslantarim.com\/ru\/wp-json\/wp\/v2\/media\/3028"}],"wp:attachment":[{"href":"https:\/\/karaaslantarim.com\/ru\/wp-json\/wp\/v2\/media?parent=2482"}],"curies":[{"name":"wp","href":"https:\/\/api.w.org\/{rel}","templated":true}]}}