{"id":64,"date":"2022-07-27T15:10:43","date_gmt":"2022-07-27T15:10:43","guid":{"rendered":"https:\/\/karaaslantarim.com\/\/?page_id=64"},"modified":"2026-03-25T11:21:42","modified_gmt":"2026-03-25T11:21:42","slug":"kurumsal","status":"publish","type":"page","link":"https:\/\/karaaslantarim.com\/de\/kurumsal","title":{"rendered":"Corporate"},"content":{"rendered":"<p><div class=\"fusion-fullwidth fullwidth-box fusion-builder-row-1 fusion-flex-container has-pattern-background has-mask-background hundred-percent-fullwidth hundred-percent-height hundred-percent-height-center-content non-hundred-percent-height-scrolling\" style=\"--awb-border-radius-top-left:0px;--awb-border-radius-top-right:0px;--awb-border-radius-bottom-right:0px;--awb-border-radius-bottom-left:0px;--awb-padding-top:0px;--awb-padding-right:0px;--awb-padding-left:0px;--awb-margin-top:0px;--awb-background-color:#750025;--awb-flex-wrap:wrap;\" ><div class=\"fusion-builder-row fusion-row fusion-flex-align-items-flex-start fusion-flex-justify-content-space-between fusion-flex-content-wrap\" style=\"width:104% !important;max-width:104% !important;margin-left: calc(-4% \/ 2 );margin-right: calc(-4% \/ 2 );\"><div class=\"fusion-layout-column fusion_builder_column fusion-builder-column-0 fusion_builder_column_1_2 1_2 fusion-flex-column\" style=\"--awb-padding-top:50px;--awb-padding-right:50px;--awb-padding-left:100px;--awb-padding-right-small:40px;--awb-padding-left-small:40px;--awb-bg-size:cover;--awb-width-large:50%;--awb-margin-top-large:0px;--awb-spacing-right-large:0px;--awb-margin-bottom-large:20px;--awb-spacing-left-large:0px;--awb-width-medium:50%;--awb-order-medium:0;--awb-spacing-right-medium:0px;--awb-spacing-left-medium:0px;--awb-width-small:100%;--awb-order-small:0;--awb-spacing-right-small:1.92%;--awb-spacing-left-small:1.92%;\"><div class=\"fusion-column-wrapper fusion-column-has-shadow fusion-flex-justify-content-flex-start fusion-content-layout-row\"><div class=\"fusion-title title fusion-title-1 fusion-sep-none fusion-title-text fusion-title-size-three\" style=\"--awb-text-color:#ffffff;\"><h3 class=\"fusion-title-heading title-heading-left\" style=\"font-family:&quot;Poppins&quot;;font-style:normal;font-weight:500;margin:0;\">A Legacy Of Excellence<\/h3><\/div><div class=\"fusion-text fusion-text-1\" style=\"--awb-text-color:#ffffff;--awb-text-font-family:&quot;Poppins&quot;;--awb-text-font-style:normal;--awb-text-font-weight:400;\"><div class=\"fusion-text fusion-text-92 fusion-text-no-margin\">\n<p>Willkommen Karaaslan Landwirtschaft. Qualit\u00e4t ist f\u00fcr uns eine Kombination aus tradition und innovation. Das fruchtbare Land der Welt aus der T\u00fcrkei, die l\u00e4uft auf die Tabelle, diese Reise, unser Engagement und kontinuierliche Streben nach Exzellenz ist das Ergebnis. Unsere Produkte angebaut werden akribisch und mit gro\u00dfer Sorgfalt, wir immer Ziel zu bieten die besten Ergebnisse. Diese Reise, ein Verm\u00e4chtnis, das wir leidenschaftlich sind.<\/p>\n<p>&nbsp;<\/p>\n<\/div>\n<\/div><div class=\"fusion-title title fusion-title-2 fusion-sep-none fusion-title-text fusion-title-size-three\" style=\"--awb-text-color:#ffffff;\"><h3 class=\"fusion-title-heading title-heading-left\" style=\"font-family:&quot;Poppins&quot;;font-style:normal;font-weight:500;margin:0;\"><strong>Aus Tradition In Die Zukunft<\/strong><\/h3><\/div><div class=\"fusion-text fusion-text-2\" style=\"--awb-text-color:#ffffff;--awb-text-font-family:&quot;Poppins&quot;;--awb-text-font-style:normal;--awb-text-font-weight:400;\"><div class=\"fusion-text fusion-text-92 fusion-text-no-margin\">\n<p>Wir gestalten die Zukunft mit dem wissen und der Erfahrung der Vergangenheit. Wir haben erreicht alle Ecken von die Welt aus den fruchtbaren B\u00f6den der T\u00fcrkei in diesem Prozess nehmen wir unsere Traditionen und die R\u00fcckforderung beide einen Schritt in die Zukunft mit innovativen Methoden. Jedes Produkt, das wir bieten f\u00fcr unsere Kunden ist ein Ergebnis der unerm\u00fcdlichen Anstrengungen von diesen. Mit Leidenschaft und Entschlossenheit, bauen wir die Zukunft mit zuversicht.<\/p>\n<\/div>\n<\/div><div class=\"fusion-title title fusion-title-3 fusion-sep-none fusion-title-text fusion-title-size-three\" style=\"--awb-text-color:#ffffff;\"><h3 class=\"fusion-title-heading title-heading-left\" style=\"font-family:&quot;Poppins&quot;;font-style:normal;font-weight:500;margin:0;\">Global Vision, Local Touch<\/h3><\/div><div class=\"fusion-text fusion-text-3\" style=\"--awb-text-color:#ffffff;--awb-text-font-family:&quot;Poppins&quot;;--awb-text-font-style:normal;--awb-text-font-weight:400;\"><div class=\"fusion-text fusion-text-92 fusion-text-no-margin\">\n<p>Die T\u00fcrkei wirft, in unser Herz, aber unsere vision weltweit. Kaufen Sie unsere Produkte aus lokalen Quellen, sorgf\u00e4ltig zu Begehen, und wir k\u00f6nnen Schiff es zu den verschiedenen M\u00e4rkten der Welt. Wir haben hier eine gro\u00dfe Verantwortung zu stellen und bieten die h\u00f6chste Qualit\u00e4t Produkte zu weltweit, t\u00fcrkischen Landwirtschaft. Durch die macht von der lokalen bis zur globalen, wir Ziel zu finden einen festen Platz im Markt. Karaaslan Landwirtschaft, sowohl im Zusammenhang mit der lokalen Werte, und auch weltweit, wir Ziel, um erfolgreich zu sein.<\/p>\n<p>&nbsp;<\/p>\n<\/div>\n<\/div><\/div><\/div><div class=\"fusion-layout-column fusion_builder_column fusion-builder-column-1 fusion_builder_column_1_2 1_2 fusion-flex-column fusion-flex-align-self-stretch\" style=\"--awb-padding-bottom:20px;--awb-bg-image:url(&#039;https:\/\/karaaslantarim.com\/wp-content\/uploads\/2026\/03\/karaarslan_bnnr.png&#039;);--awb-bg-position:center center;--awb-bg-size:cover;--awb-width-large:50%;--awb-margin-top-large:0px;--awb-spacing-right-large:0px;--awb-margin-bottom-large:0px;--awb-spacing-left-large:0px;--awb-width-medium:50%;--awb-order-medium:0;--awb-spacing-right-medium:0px;--awb-spacing-left-medium:0px;--awb-width-small:100%;--awb-order-small:0;--awb-spacing-right-small:1.92%;--awb-spacing-left-small:1.92%;\"><div class=\"fusion-column-wrapper fusion-column-has-shadow fusion-flex-justify-content-space-between fusion-content-layout-row fusion-empty-column-bg-image fusion-column-has-bg-image\" data-bg-url=\"https:\/\/karaaslantarim.com\/wp-content\/uploads\/2026\/03\/karaarslan_bnnr.png\"><img decoding=\"async\" class=\"fusion-empty-dims-img-placeholder\" aria-label=\"karaarslan_bnnr\" src=\"data:image\/svg+xml,%3Csvg%20xmlns%3D%27http%3A%2F%2Fwww.w3.org%2F2000%2Fsvg%27%20width%3D%271536%27%20height%3D%271024%27%20viewBox%3D%270%200%201536%201024%27%3E%3Crect%20width%3D%271536%27%20height%3D%271024%27%20fill-opacity%3D%220%22%2F%3E%3C%2Fsvg%3E\"><\/div><\/div><\/div><\/div><div class=\"fusion-fullwidth fullwidth-box fusion-builder-row-2 fusion-flex-container has-pattern-background has-mask-background hundred-percent-fullwidth hundred-percent-height hundred-percent-height-center-content non-hundred-percent-height-scrolling\" style=\"--awb-border-radius-top-left:0px;--awb-border-radius-top-right:0px;--awb-border-radius-bottom-right:0px;--awb-border-radius-bottom-left:0px;--awb-padding-top:0px;--awb-padding-right:0px;--awb-padding-left:0px;--awb-margin-top:-20px;--awb-background-color:#db5723;--awb-flex-wrap:wrap;\" ><div class=\"fusion-builder-row fusion-row fusion-flex-align-items-flex-start fusion-flex-justify-content-space-between fusion-flex-content-wrap\" style=\"width:104% !important;max-width:104% !important;margin-left: calc(-4% \/ 2 );margin-right: calc(-4% \/ 2 );\"><div class=\"fusion-layout-column fusion_builder_column fusion-builder-column-2 fusion_builder_column_1_2 1_2 fusion-flex-column fusion-flex-align-self-stretch\" style=\"--awb-padding-bottom:22px;--awb-bg-image:url(&#039;https:\/\/karaaslantarim.com\/wp-content\/uploads\/2023\/09\/6.jpg&#039;);--awb-bg-position:center center;--awb-bg-size:cover;--awb-width-large:50%;--awb-margin-top-large:0px;--awb-spacing-right-large:0px;--awb-margin-bottom-large:0px;--awb-spacing-left-large:0px;--awb-width-medium:50%;--awb-order-medium:0;--awb-spacing-right-medium:0px;--awb-spacing-left-medium:0px;--awb-width-small:100%;--awb-order-small:0;--awb-spacing-right-small:1.92%;--awb-spacing-left-small:1.92%;\"><div class=\"fusion-column-wrapper fusion-column-has-shadow fusion-flex-justify-content-space-between fusion-content-layout-row fusion-empty-column-bg-image fusion-column-has-bg-image\" data-bg-url=\"https:\/\/karaaslantarim.com\/wp-content\/uploads\/2023\/09\/6.jpg\"><img decoding=\"async\" class=\"fusion-empty-dims-img-placeholder\" aria-label=\"6\" src=\"data:image\/svg+xml,%3Csvg%20xmlns%3D%27http%3A%2F%2Fwww.w3.org%2F2000%2Fsvg%27%20width%3D%271920%27%20height%3D%271080%27%20viewBox%3D%270%200%201920%201080%27%3E%3Crect%20width%3D%271920%27%20height%3D%271080%27%20fill-opacity%3D%220%22%2F%3E%3C%2Fsvg%3E\"><\/div><\/div><div class=\"fusion-layout-column fusion_builder_column fusion-builder-column-3 fusion_builder_column_1_2 1_2 fusion-flex-column\" style=\"--awb-padding-top:50px;--awb-padding-right:50px;--awb-padding-bottom:40px;--awb-padding-left:100px;--awb-padding-right-small:40px;--awb-padding-left-small:40px;--awb-bg-size:cover;--awb-width-large:50%;--awb-margin-top-large:0px;--awb-spacing-right-large:0px;--awb-margin-bottom-large:20px;--awb-spacing-left-large:0px;--awb-width-medium:50%;--awb-order-medium:0;--awb-spacing-right-medium:0px;--awb-spacing-left-medium:0px;--awb-width-small:100%;--awb-order-small:0;--awb-spacing-right-small:1.92%;--awb-spacing-left-small:1.92%;\"><div class=\"fusion-column-wrapper fusion-column-has-shadow fusion-flex-justify-content-flex-start fusion-content-layout-row\"><div class=\"fusion-title title fusion-title-4 fusion-sep-none fusion-title-text fusion-title-size-three\" style=\"--awb-text-color:#ffffff;\"><h3 class=\"fusion-title-heading title-heading-left\" style=\"font-family:&quot;Poppins&quot;;font-style:normal;font-weight:500;margin:0;\">Erste Von Alle, Die Qualit\u00e4t<\/h3><\/div><div class=\"fusion-text fusion-text-4\" style=\"--awb-text-color:#ffffff;--awb-text-font-family:&quot;Poppins&quot;;--awb-text-font-style:normal;--awb-text-font-weight:400;\"><p>Wir w\u00e4hlen sorgf\u00e4ltig die besten Landwirte, und wir gelten umfassende Qualit\u00e4tskontrolle. Unser Engagement f\u00fcr Qualit\u00e4t wird sich nie \u00e4ndern. Wir einfach, es ist nicht ein name; die frische, Vertrauen, und wir sind garantiert einzigartig im Geschmack.<\/p>\n<\/div><div class=\"fusion-title title fusion-title-5 fusion-sep-none fusion-title-text fusion-title-size-three\" style=\"--awb-text-color:#ffffff;\"><h3 class=\"fusion-title-heading title-heading-left\" style=\"font-family:&quot;Poppins&quot;;font-style:normal;font-weight:500;margin:0;\">Zertifiziert Exzellenz<\/h3><\/div><div class=\"fusion-text fusion-text-5\" style=\"--awb-text-color:#ffffff;--awb-text-font-family:&quot;Poppins&quot;;--awb-text-font-style:normal;--awb-text-font-weight:400;\"><p>ISO 9001, ISO 22000, HACCP, global gap-Zertifikate und st\u00e4rken wir unsere Kraft der \u00f6kologischen Landwirtschaft. Nur diese Zertifikate belegen unser Engagement f\u00fcr Qualit\u00e4t ist nicht nur bestimmt, sondern spiegelt auch die Haltung der Nachhaltigkeit.<\/p>\n<\/div><\/div><\/div><\/div><\/div><div class=\"fusion-fullwidth fullwidth-box fusion-builder-row-3 fusion-flex-container has-pattern-background has-mask-background hundred-percent-fullwidth hundred-percent-height hundred-percent-height-center-content non-hundred-percent-height-scrolling\" style=\"--awb-border-radius-top-left:0px;--awb-border-radius-top-right:0px;--awb-border-radius-bottom-right:0px;--awb-border-radius-bottom-left:0px;--awb-padding-top:0px;--awb-padding-right:0px;--awb-padding-left:0px;--awb-margin-top:-20px;--awb-background-color:#003249;--awb-flex-wrap:wrap;\" ><div class=\"fusion-builder-row fusion-row fusion-flex-align-items-flex-start fusion-flex-justify-content-space-between fusion-flex-content-wrap\" style=\"width:104% !important;max-width:104% !important;margin-left: calc(-4% \/ 2 );margin-right: calc(-4% \/ 2 );\"><div class=\"fusion-layout-column fusion_builder_column fusion-builder-column-4 fusion_builder_column_1_2 1_2 fusion-flex-column\" style=\"--awb-padding-top:50px;--awb-padding-right:50px;--awb-padding-left:100px;--awb-padding-right-small:40px;--awb-padding-left-small:40px;--awb-bg-size:cover;--awb-width-large:50%;--awb-margin-top-large:0px;--awb-spacing-right-large:0px;--awb-margin-bottom-large:20px;--awb-spacing-left-large:0px;--awb-width-medium:50%;--awb-order-medium:0;--awb-spacing-right-medium:0px;--awb-spacing-left-medium:0px;--awb-width-small:100%;--awb-order-small:0;--awb-spacing-right-small:1.92%;--awb-spacing-left-small:1.92%;\"><div class=\"fusion-column-wrapper fusion-column-has-shadow fusion-flex-justify-content-flex-start fusion-content-layout-row\"><div class=\"fusion-title title fusion-title-6 fusion-sep-none fusion-title-text fusion-title-size-three\" style=\"--awb-text-color:#ffffff;\"><h3 class=\"fusion-title-heading title-heading-left\" style=\"font-family:&quot;Poppins&quot;;font-style:normal;font-weight:500;margin:0;\">Wachstum Partner<\/h3><\/div><div class=\"fusion-text fusion-text-6\" style=\"--awb-text-color:#ffffff;--awb-text-font-family:&quot;Poppins&quot;;--awb-text-font-style:normal;--awb-text-font-weight:400;\"><div class=\"fusion-text fusion-text-92 fusion-text-no-margin\">\n<p>ISO 9001, ISO 22000, HACCP, global gap und Bio-Zertifizierung beweisen wir unsere Qualit\u00e4t und Nachhaltigkeit. Diese Zertifikate spiegelt unser Engagement f\u00fcr Qualit\u00e4t und Nachhaltigkeit.<\/p>\n<\/div>\n<\/div><div class=\"fusion-text fusion-text-7\" style=\"--awb-text-color:#ffffff;--awb-margin-top:15px;--awb-text-font-family:&quot;Poppins&quot;;--awb-text-font-style:normal;--awb-text-font-weight:400;\"><div class=\"fusion-text fusion-text-92 fusion-text-no-margin\">\n<p>Suchen vor, wir sind gespannt auf eine Zukunft voller neuer Partnerschaften und Innovationen. Aber unser gr\u00f6\u00dfter Nervenkitzel, weiterhin auf diese Reise mit unseren gesch\u00e4tzten Kunden.<\/p>\n<hr \/>\n<p>Begleiten Sie uns auf dieser au\u00dfergew\u00f6hnlichen Reise. Jeden Samen, der gepflanzt wird, strahlender, gesund und lecker in einem zuk\u00fcnftigen Schritt. Schritt in die Welt der Landwirtschaft Karaaslan und machen Sie zu einem Teil dieses einzigartigen Erfahrung.<\/p>\n<\/div>\n<\/div><\/div><\/div><div class=\"fusion-layout-column fusion_builder_column fusion-builder-column-5 fusion_builder_column_1_2 1_2 fusion-flex-column fusion-flex-align-self-stretch\" style=\"--awb-bg-image:url(&#039;https:\/\/karaaslantarim.com\/wp-content\/uploads\/2023\/09\/4.jpg&#039;);--awb-bg-position:center center;--awb-bg-size:cover;--awb-width-large:50%;--awb-margin-top-large:0px;--awb-spacing-right-large:0px;--awb-margin-bottom-large:0px;--awb-spacing-left-large:0px;--awb-width-medium:50%;--awb-order-medium:0;--awb-spacing-right-medium:0px;--awb-spacing-left-medium:0px;--awb-width-small:100%;--awb-order-small:0;--awb-spacing-right-small:1.92%;--awb-spacing-left-small:1.92%;\"><div class=\"fusion-column-wrapper fusion-column-has-shadow fusion-flex-justify-content-space-between fusion-content-layout-row fusion-empty-column-bg-image fusion-column-has-bg-image\" data-bg-url=\"https:\/\/karaaslantarim.com\/wp-content\/uploads\/2023\/09\/4.jpg\"><img decoding=\"async\" class=\"fusion-empty-dims-img-placeholder\" aria-label=\"4\" src=\"data:image\/svg+xml,%3Csvg%20xmlns%3D%27http%3A%2F%2Fwww.w3.org%2F2000%2Fsvg%27%20width%3D%271920%27%20height%3D%271080%27%20viewBox%3D%270%200%201920%201080%27%3E%3Crect%20width%3D%271920%27%20height%3D%271080%27%20fill-opacity%3D%220%22%2F%3E%3C%2Fsvg%3E\"><\/div><\/div><\/div><\/div><\/p>","protected":false},"excerpt":{"rendered":"","protected":false},"author":1,"featured_media":3296,"parent":0,"menu_order":0,"comment_status":"closed","ping_status":"closed","template":"100-width.php","meta":{"footnotes":""},"class_list":["post-64","page","type-page","status-publish","has-post-thumbnail","hentry"],"aioseo_notices":[],"_links":{"self":[{"href":"https:\/\/karaaslantarim.com\/de\/wp-json\/wp\/v2\/pages\/64","targetHints":{"allow":["GET"]}}],"collection":[{"href":"https:\/\/karaaslantarim.com\/de\/wp-json\/wp\/v2\/pages"}],"about":[{"href":"https:\/\/karaaslantarim.com\/de\/wp-json\/wp\/v2\/types\/page"}],"author":[{"embeddable":true,"href":"https:\/\/karaaslantarim.com\/de\/wp-json\/wp\/v2\/users\/1"}],"replies":[{"embeddable":true,"href":"https:\/\/karaaslantarim.com\/de\/wp-json\/wp\/v2\/comments?post=64"}],"version-history":[{"count":31,"href":"https:\/\/karaaslantarim.com\/de\/wp-json\/wp\/v2\/pages\/64\/revisions"}],"predecessor-version":[{"id":3299,"href":"https:\/\/karaaslantarim.com\/de\/wp-json\/wp\/v2\/pages\/64\/revisions\/3299"}],"wp:featuredmedia":[{"embeddable":true,"href":"https:\/\/karaaslantarim.com\/de\/wp-json\/wp\/v2\/media\/3296"}],"wp:attachment":[{"href":"https:\/\/karaaslantarim.com\/de\/wp-json\/wp\/v2\/media?parent=64"}],"curies":[{"name":"wp","href":"https:\/\/api.w.org\/{rel}","templated":true}]}}