{"id":2931,"date":"2023-10-05T22:09:59","date_gmt":"2023-10-05T22:09:59","guid":{"rendered":"https:\/\/karaaslantarim.com\/?page_id=2931"},"modified":"2024-12-28T07:34:25","modified_gmt":"2024-12-28T07:34:25","slug":"gizlilik-politikasi","status":"publish","type":"page","link":"https:\/\/karaaslantarim.com\/de\/gizlilik-politikasi","title":{"rendered":"Datenschutzerkl\u00e4rung"},"content":{"rendered":"<p><strong>1. DIE PARTEIEN UND ZWECK<\/strong><\/p>\n\n\n\n<p><strong>1.1 <\/strong>Diese Vertraulichkeitsvereinbarung ....... \/ ...... \/ 20..... die Geschichte ist in zwei Exemplaren, in \u00fcbereinstimmung mit den folgenden Bestimmungen im landwirtschaftlichen Produkte Industrie und Handel limited company, mit Karaaslan......................................zwischen ist abgeschlossen.<\/p>\n\n\n\n<p>Karaaslan landwirtschaftliche Produkte Industrie und Handel limited company ...................... ................................die Adresse aktiv &#034;nach Karaaslan Landwirtschaft&#034; genannt werden.<\/p>\n\n\n\n<p>(Counter - Party-Unternehmen-Name - Adresse Geschrieben Werden Soll) .........................................die Adresse aktiv nach, dass&#034;...............&#034; aufgerufen werden.<\/p>\n\n\n\n<p><strong>1.2.<\/strong> Mit diesem Vertrag .............. (die Titel des Unternehmens der anderen Partei sollte wie folgt geschrieben werden<strong>, <\/strong>Karaaslan unterzeichnet mit der Landwirtschaft und\/oder geplant unterzeichnet werden, um die Erreichung der Ziele des \u00fcbereinkommens und der Landwirtschaft Karaaslan <strong>&#034;VERSTECKTE INFORMATIONEN&#034;<\/strong> die Natur der schriftliche und\/oder m\u00fcndliche Informationen, weil wir gehen, um zu halten, wir k\u00f6nnen im Voraus vereinbaren, um sich von den folgenden \u00fcberlegungen.<\/p>\n\n\n\n<p><strong>1.3.<\/strong> .......... (die Titel des Unternehmens der anderen Partei sollte geschrieben werden, durch die der Schutz personenbezogener Daten Nr. 6698 Informationen in \u00fcbereinstimmung mit den einschl\u00e4gigen Bestimmungen des Codes und Verarbeitung personenbezogener Daten, die Aufbewahrung und die Vernichtung Richtlinie und Richtlinie zum Schutz personenbezogener Daten, in Bezug auf die Verarbeitung und den Schutz personenbezogener Daten Lighting text, information security policy, Passwort-Richtlinien, Benutzer-Autorisierung und Zugriffskontrolle Verfahren und handeln in Einklang mit den anderen einschl\u00e4gigen Strategien und Verfahren.<\/p>\n\n\n\n<p><strong>1.4.<\/strong> ............... (die Titel des Unternehmens der anderen Partei geschrieben) in irgendeiner Weise ohne die schriftliche Zustimmung der Firma Handels-Titel, business-Namen, Marken, Bilder, Muster, Marken, Patente, Rechte an geistigem Eigentum, Werbung, publicity -, promotion-und\/oder kann nicht verwendet werden f\u00fcr andere Zweck.<\/p>\n\n\n\n<p><strong>2. DEFINITION DER VERTRAULICHEN INFORMATIONEN<\/strong><\/p>\n\n\n\n<p><strong>2.1 <\/strong>Die folgenden Informationen ist auf jeden Fall \u201c<strong>VERTRAULICHE INFORMATIONEN<\/strong>&#034;als wir annehmen:<\/p>\n\n\n\n<p><strong>2.1.1 <\/strong>13\/05\/1964 6\/3048, die durch die Entscheidung des Ministerrates datiert (die &#034;Datenschutz-Grade-Papiere \u00fcber die Versorgungssicherheit und-Essentials&#034; mit den vorgegebenen und entsprechend beschriftet, die streng geheim, geheim -, privat -, und service-spezifischen Datenschutz, die hat eine Bewertung von Daten, Informationen und Dokumenten.<\/p>\n\n\n\n<p><strong>2.1.2 <\/strong>Wie definiert durch die Gesetze No. 6698 \u00fcber den Schutz personenbezogener Daten und der personenbezogenen Daten 24\/3\/2016 Datum.<\/p>\n\n\n\n<p><strong>2.1.3 <\/strong>Karaaslan die Lautst\u00e4rke von Dienstleistungen im Zusammenhang mit der Landwirtschaft oder spezielle Geheimnisse, finanzielle Informationen, Informationen \u00fcber Mitarbeiter, System-Informationen und alle Informationen zusammengestellt wurden, \u00fcber die Zeit untersucht, Materialien, Programme und Dokumente, gespeicherte Daten in computer-Systeme, hardware\/software und alle anderen Vorschriften, die der Auftragnehmer und seine Mitarbeiter innerhalb der Arbeitszeit der Dinge, die ich getan habe.<\/p>\n\n\n\n<p><strong>2.1.4 <\/strong>Dann weitergegeben, wenn es materielle oder ideelle Sch\u00e4den an Personen und Institutionen, oder jegliche Informationen oder Dokumente an irgendeine person oder organisation, die k\u00f6nnen bieten einen unfairen Vorteil.<\/p>\n\n\n\n<p><strong>3. SCHUTZ VON VERTRAULICHEN INFORMATIONEN<\/strong><\/p>\n\n\n\n<p><strong>3.1<\/strong> , .......................... (Counter-party-Firma-Namen) f\u00fcr den Schutz der institution, die vertraulichen Informationen den folgenden Regeln entsprechen unterzeichnen Sie diese Vereinbarung als eine Aussage.<\/p>\n\n\n\n<p>.............. (Counter-party company name) des Unternehmens vertrauliche Informationen;<\/p>\n\n\n\n<p><strong>3.1.1<\/strong> Egal, welche Art und Weise nicht zu einem Dritten gegen\u00fcber nicht offenzulegen, zu \u00e4ndern, zu reproduzieren, zu ver\u00e4ndern und\/oder der \u00f6ffentlichkeit diskret sein,<\/p>\n\n\n\n<p><strong>3.1.2<\/strong> Au\u00dfer f\u00fcr die Ausf\u00fchrung der Arbeit, die direkt oder indirekt, in irgendeiner Weise und aus irgendeinem Grund nicht in der Lage sein zu verwenden<\/p>\n\n\n\n<p><strong>3.1.3 <\/strong>Direkt oder indirekt durch Dritte erreicht werden, indem alle erforderlichen Ma\u00dfnahmen zu halten<\/p>\n\n\n\n<p><strong>3.1.4 <\/strong>Und Prozess-Umgebungen, in denen Daten werden vertraulich behandelt im Sinne des seins zu speichern Sie die trace-records der Zugriff, \u00e4nderung und L\u00f6schung der nicht erlaubt, die oben genannten Art und Weise sein, verpflichten wir uns zu unterlassen Verhalten f\u00fchren, in der die dichter.<\/p>\n\n\n\n<p><strong>3.2 <\/strong>Sch\u00fctzen unsere eigenen vertraulichen Informationen, die unsere Hingabe an die gleichen, zeigen wir Karaaslan der Landwirtschaft in den Schutz der vertraulichen Informationen nur in F\u00e4llen von Notwendigkeit und die Natur des Gesch\u00e4fts von unseren Mitarbeitern zu lernen, diese Informationen und das Ausma\u00df der Arbeit, die erforderlich ist f\u00fcr die Ausf\u00fchrung von Ma\u00dfnahmen zum Schutz von Informationen, indem die maximale, die wir geben k\u00f6nnen; <a>Landwirtschaft Karaaslan <\/a>unser Personal mit Zugang zu vertraulichen Informationen, Zeichen eine Vertraulichkeit Vereinbarung, wir h\u00e4tten Karaaslan Landwirtschaft, durchgef\u00fchrt von Personal, Personal, unsere Mitarbeiter und die Mitarbeiter eine Vertraulichkeitserkl\u00e4rung Vertraulichkeit in Bezug auf Informationen, die unvereinbar mit den Verpflichtungen, die in diesem Vorhaben, und Sie w\u00fcrden handeln, wie diese, wenn wir k\u00f6nnen im Voraus vereinbaren, dass Sie verantwortlich w\u00e4re, direkt von UNS.<\/p>\n\n\n\n<p><strong>3.3<\/strong> Karaaslan, die wir beschrieben haben, bei diesem Unterfangen von vertraulichen Informationen aus der Landwirtschaft, wenn wir in Kenntnis entgegenstehender unverz\u00fcglich schriftlich Karaaslan wir hatten angenommen, dass wir verpflichtet sind, auf die Landwirtschaft-situation-Bericht.<\/p>\n\n\n\n<p><strong>4. SITUATIONEN, DIE FALLEN UNTER DIE DEFINITION DER VERTRAULICHEN INFORMATIONEN<\/strong><\/p>\n\n\n\n<p><strong>4.1 <\/strong>Wir erkl\u00e4ren, dass folgende Informationen sollten als vertrauliche Informationen zu betrachten, ob Sie damit einverstanden sind.<\/p>\n\n\n\n<p><strong>4.1.1 <\/strong>Karaaslan Landwirtschaft, \u00f6ffentlich verf\u00fcgbare Informationen,<\/p>\n\n\n\n<p><strong>4.1.2 <\/strong>Die Genehmigung wurde erteilt und schriftlich durch Karaaslan Landwirtschaft Offenlegung von Informationen<\/p>\n\n\n\n<p><strong>4.1.3 <\/strong>Ein Anwendbares Recht oder Informationen, die offengelegt werden muss, gem\u00e4\u00df einem Gerichtsbeschluss erteilt wurde.<\/p>\n\n\n\n<p><strong>4.2. <\/strong>4.1.3 gezwungen, vertrauliche Informationen in \u00fcbereinstimmung mit diesen Unternehmen, wenn wir bleiben Karaaslan sofortige schriftliche Benachrichtigung der Landwirtschaft, bevor wir vertrauliche Informationen, die vertraulichen Informationen und gesetzlich vorgeschrieben wir erkl\u00e4ren den Rahmen dieser Ver\u00f6ffentlichung nur in Bezug auf Karaaslan Benachrichtigen wir Sie schriftlich von der Landwirtschaft 4.1.3 wir k\u00f6nnen gefunden werden in die gemeinsame Nutzung von Informationen unter den Bestimmungen von unseren Verpflichtungen in diesem Unterfangen, das bedeutet nicht das Ende der affirmation, Akzeptanz und Engagement danken wir.<\/p>\n\n\n\n<p><strong>5. KONTROLLE UND REFERENZ<\/strong><\/p>\n\n\n\n<p><strong>5.1<\/strong> Karaaslan f\u00fcr die Landwirtschaft als notwendig erachtet, in die Ereignis, dass schon im Vorfeld \u00fcber unsere Anlagen und Systeme begrenzt bleiben, das Thema und den Umfang dieses Unternehmens, unter der Bedingung, dass die Sicherheit von Informationen hat das Recht zur Durchf\u00fchrung von audits damit einverstanden, dass wir erkl\u00e4ren, dass.<\/p>\n\n\n\n<p><strong>5.2<\/strong> Karaaslan-betreut von den offiziellen Organen der Landwirtschaft, im Fall von Unterlagen und Informationen angefordert, die durch uns, im Rahmen der Pr\u00fcfung, wenn gew\u00fcnscht von uns, dass wir dazu verpflichtet sind, die Informationen und Unterlagen unverz\u00fcglich Best\u00e4tigung, Akzeptanz und Engagement danken wir.<\/p>\n\n\n\n<p><strong>5.3<\/strong> In dieser Hinsicht Karaaslan Karaaslan, ohne die ausdr\u00fcckliche schriftliche Genehmigung Landwirtschaft durch schriftliche oder visuelle Medien als ein Werkzeug oder Werbung k\u00f6nnen wir nicht zeigen, das Bezugs-und\/oder Werbezwecken und erkl\u00e4ren, die wir verwenden, Akzeptanz und Engagement danken wir.<\/p>\n\n\n\n<p><strong>6. R\u00dcCKGABE VON VERTRAULICHEN INFORMATIONEN<\/strong><\/p>\n\n\n\n<p><strong>6.1 <\/strong>Karaaslan Landwirtschaft oder der K\u00fcndigung oder dem Ablauf dieses Unterfangen, wenn angefordert durch die alleinige Kosten und alle anderen Dokumente, die vertrauliche Informationen enth\u00e4lt und alle Kopien davon, auf unsere Kosten unverz\u00fcglich in unserem Besitz, wir werden zur\u00fcck zu Landwirtschaft Karaaslan Best\u00e4tigung, Akzeptanz und Engagement danken wir.<\/p>\n\n\n\n<p><strong>6.2<\/strong> Wir zerst\u00f6ren elektronischer Ger\u00e4te oder Medien, einschlie\u00dflich computer-Aufzeichnungen, irreversibel, Landwirtschaft Karaaslan kostenlos auf Antrag der betreffenden vertraulichen Informationen wir werden liefern die hosts die Scheiben Karaaslan die Landwirtschaft, die Zerst\u00f6rung von Aufzeichnungen und\/oder vertrauliche Informationen von dem Datentr\u00e4ger, der Techniker, der die Identifizierung der Aktivit\u00e4t, die wir uns erlauben, ein Experte zu sein, ernannt von der Landwirtschaft Personal zu begleiten Karaaslan wir uns einigen k\u00f6nnen.<\/p>\n\n\n\n<p><strong>6.3<\/strong> Wurde dauerhaft zerst\u00f6rt die angegebenen Datens\u00e4tze in Artikel 6.2, erkl\u00e4ren wir, dass die Signatur eines Unternehmens offiziellen Dokument wird schriftlich, Akzeptanz und Engagement danken wir.<\/p>\n\n\n\n<p><strong>7. ENTSCH\u00c4DIGUNG UND STRAFE<\/strong><\/p>\n\n\n\n<p><strong>7.1<\/strong> Wenn wir ganz oder teilweise die gegen unsere Verpflichtungen aus diesem Unternehmen, wir werden zahlen f\u00fcr alle direkten und indirekten Verluste und Sch\u00e4den, danken wir bereits jetzt als akzeptiert. F\u00fcr jeden Versto\u00df gegen diese Vereinbarung, in jedem Fall, die Firma mindestens 1.000.000,00.....Verpflichtet sich zur Zahlung einer Geldstrafe von TL.<\/p>\n\n\n\n<p><strong>7.2<\/strong> Die Verpflichtung zur Zahlung der Entsch\u00e4digung nach dieser Klausel ist zus\u00e4tzlich zu unseren Verpflichtungen, die sich aus der Verletzung dieser Verpflichtung zum Teil oder komplett, weil der erste Satz geschnitten werden, um jede Verwaltungs-oder Justizbeh\u00f6rden Karaaslan Landwirtschaft entsch\u00e4digen wir bei Bedarf k\u00f6nnte auch dazu f\u00fchren, die Geburt von diesem Satz, dass wir werden zahlen f\u00fcr alle Sch\u00e4den, die entstehen aufgrund von Unstimmigkeiten, Annahme, Bejahung, und wir verpflichtet sind.<\/p>\n\n\n\n<p><strong>8. TEILUNWIRKSAMKEIT<\/strong><\/p>\n\n\n\n<p>Der Stoff, der Unternehmen, die unwirksame oder storniert werden, wenn wir akzeptieren, dass dies keine Auswirkungen auf die Wirksamkeit der \u00fcbrigen Bestimmungen des Paktes.<\/p>\n\n\n\n<p><strong>9. DIE G\u00dcLTIGKEIT DER UNTERNEHMEN, UND \u00c4NDERN SIE<\/strong><\/p>\n\n\n\n<p>Ver\u00f6ffentlichen eine Erkl\u00e4rung, mit der Unternehmen neue Datenschutzerkl\u00e4rung Karaaslan f\u00fcr Landwirtschaft und ver\u00f6ffentlicht unter der Signatur der neuen Datenschutz von uns \u00fcbernommen in die Fall von den Bestimmungen dieses Unternehmen erkl\u00e4rt, gelten die Vorschriften der Charta von der neuen Datenschutz und werden eliminiert, Akzeptanz und Engagement danken wir.<\/p>\n\n\n\n<p><strong>10. HINWEISE<\/strong><\/p>\n\n\n\n<p>Alle Hinweise, die stattfinden wird, in \u00fcbereinstimmung mit dem Vertrag zwischen den Parteien bed\u00fcrfen der Schriftform, sofern nicht anders schriftlich an die Adresse oben geschrieben auch Adressen Impressum dieser mit der Feststellung, dass er gemacht wurde, um Adresse tr\u00e4gt alle rechtlichen Konsequenzen, die werden rechtm\u00e4\u00dfige K\u00fcndigung der SCHRIFTLICHEN Mitteilung, dass Sie haben vereinbart.&nbsp;<\/p>\n\n\n\n<p><strong>11. GESCHWINDIGKEIT UND ZEIT<\/strong><\/p>\n\n\n\n<p><strong>11.1 <\/strong>Karaaslan tritt in Kraft ab dem Datum der Unterzeichnung dieses Unternehmen und schriftlich w\u00fcrde in Kraft bleiben, es sei denn, beendet durch die Landwirtschaft, Landwirtschaftliche Karaaslan ist beendet und die vertragliche Beziehung zwischen uns, oder wenn in irgendeiner Weise das Unternehmen selbst erkl\u00e4rte, er w\u00fcrde auch weiterhin zu werden, unterliegen der Geheimhaltungspflicht in diesem Unternehmen erdirils Ende, Akzeptanz und Engagement danken wir.<\/p>\n\n\n\n<p><strong>11.2<\/strong> In diesem Verpflichtung, die Rechte und\/oder Pflichten nicht \u00fcbertragen werden k\u00f6nnen, an jemand anderen, ganz oder teilweise aus von UNS gesetzt, und wir verpflichtet sind.<\/p>\n\n\n\n<p><strong>12. ZUST\u00c4NDIGES GERICHT<\/strong><\/p>\n\n\n\n<p>In der Auslegung der Bestimmungen in diesem Verpflichtung in Bezug auf dieses Unternehmen und alle Streitigkeiten, die entstehen k\u00f6nnen in Antalya courts und execution B\u00fcros erkl\u00e4rt, dass es zust\u00e4ndig ist, Akzeptanz und Engagement danken wir.<\/p>\n\n\n\n<p><strong>13. HINZUGEF\u00dcGT<\/strong><\/p>\n\n\n\n<p>&nbsp;&nbsp;&nbsp;&nbsp;&nbsp;&nbsp;&nbsp;&nbsp;&nbsp;&nbsp;&nbsp; Firma, institution oder Vertreter dieser Organisation und\/oder \u00e4hnlichen Vertrages\/Sie ist berechtigt zu Unterschreiben, der Bund gibt an, dass der Unterzeichner.<\/p>\n\n\n\n<figure class=\"wp-block-table\"><table class=\"has-fixed-layout\"><tbody><tr><td><strong>Karaaslan landwirtschaftliche Produkte Industrie und Handel limited company <\/strong><strong>Vertreter<\/strong><\/td><td><strong>Firma\/Institution\/Organisation ......................... (Unter Dem Titel) Bevollm\u00e4chtigten<\/strong><\/td><\/tr><tr><td>&nbsp; &nbsp; &nbsp; &nbsp; &nbsp;<\/td><td>&nbsp;<\/td><\/tr><\/tbody><\/table><\/figure>","protected":false},"excerpt":{"rendered":"<p>1. TARAFLAR VE AMA\u00c7 1.1 \u0130\u015f Bu Gizlilik S\u00f6zle\u015fmesi \u2026\u2026.  [&#8230;]<\/p>\n","protected":false},"author":1,"featured_media":0,"parent":0,"menu_order":0,"comment_status":"closed","ping_status":"closed","template":"","meta":{"footnotes":""},"class_list":["post-2931","page","type-page","status-publish","hentry"],"aioseo_notices":[],"_links":{"self":[{"href":"https:\/\/karaaslantarim.com\/de\/wp-json\/wp\/v2\/pages\/2931","targetHints":{"allow":["GET"]}}],"collection":[{"href":"https:\/\/karaaslantarim.com\/de\/wp-json\/wp\/v2\/pages"}],"about":[{"href":"https:\/\/karaaslantarim.com\/de\/wp-json\/wp\/v2\/types\/page"}],"author":[{"embeddable":true,"href":"https:\/\/karaaslantarim.com\/de\/wp-json\/wp\/v2\/users\/1"}],"replies":[{"embeddable":true,"href":"https:\/\/karaaslantarim.com\/de\/wp-json\/wp\/v2\/comments?post=2931"}],"version-history":[{"count":5,"href":"https:\/\/karaaslantarim.com\/de\/wp-json\/wp\/v2\/pages\/2931\/revisions"}],"predecessor-version":[{"id":3166,"href":"https:\/\/karaaslantarim.com\/de\/wp-json\/wp\/v2\/pages\/2931\/revisions\/3166"}],"wp:attachment":[{"href":"https:\/\/karaaslantarim.com\/de\/wp-json\/wp\/v2\/media?parent=2931"}],"curies":[{"name":"wp","href":"https:\/\/api.w.org\/{rel}","templated":true}]}}