{"id":2928,"date":"2023-10-05T22:08:38","date_gmt":"2023-10-05T22:08:38","guid":{"rendered":"https:\/\/karaaslantarim.com\/?page_id=2928"},"modified":"2024-12-28T07:38:52","modified_gmt":"2024-12-28T07:38:52","slug":"kvkk-aydinlatma-metni","status":"publish","type":"page","link":"https:\/\/karaaslantarim.com\/de\/kvkk-aydinlatma-metni","title":{"rendered":"Text KVKK Beleuchtung"},"content":{"rendered":"<h4 style=\"text-align: center;\"><strong>IN BEZUG AUF DIE VERARBEITUNG UND DEN SCHUTZ PERSONENBEZOGENER DATEN LIGHTING TEXT<\/strong><\/h4>\n<h4 style=\"text-align: center;\"><strong>Partner einer echten person bzw. juristische person, f\u00fcr Lieferanten und business partner \/ Lieferanten und der person, die eigentliche Autorit\u00e4t MITARBEITER<\/strong><\/h4>\n<p><strong>\u00a0<\/strong><\/p>\n<p><strong>In dieser Aussage ist die Verarbeitung personenbezogener Daten, insbesondere der Privatsph\u00e4re um den Schutz der Grundrechte und der Grundfreiheiten von Personen erlassen, die das Gesetz NR 6698 \u00fcber den Schutz personenbezogener Daten (Gesetz) soll Sie dar\u00fcber informieren, in Einklang mit.<\/strong> <strong>Diese Beleuchtung Angelegenheiten innerhalb der Umfang des Textes in Bezug auf den Schutz personenbezogener Daten und die Verarbeitung ausf\u00fchrliche Informationen <\/strong><strong>Politik <\/strong><strong>Sie k\u00f6nnen auf es.<\/strong><\/p>\n<p><strong>\u00a0<\/strong><\/p>\n<p>Karaaslan landwirtschaftliche Produkte Industrie und Handel Ltd. Ltd.; in seiner Eigenschaft als Verantwortlicher f\u00fcr die Daten je nach der situation, die wir erhalten Ihre pers\u00f6nlichen Daten in die folgenden M\u00f6glichkeiten innerhalb der Umfang unserer Dienstleistungen mit Ihnen, unseren Gesch\u00e4ftsbeziehungen oder Beziehungen, die erfordert, dass Zweck und im Zusammenhang mit diesem Zweck verarbeitet werden innerhalb eines begrenzten und zur\u00fcckhaltend in einer Weise und durch die Beibehaltung der derzeitigen Genauigkeit der pers\u00f6nlichen Daten haben oder uns berichtet, wie Sie berichtet, gespeichert, aufbewahrt, gepflegt wird, neu arrangiert, w\u00fcrde der Personen und Institutionen, die berechtigt sind, per Gesetz zu verlangen, Ihre pers\u00f6nlichen Daten unter den Voraussetzungen und werden gemeinsam mit kvkk, \u00fcbertragen an Dritte \u00fcbertragen werden, inl\u00e4ndischen oder \u00fcbersee, wir berichten, dass k\u00f6nnen behandelt werden in der Weise dichter kvkk kann sein klassifiziert und aufgelistet.<\/p>\n<p><strong>\u00a0<\/strong><\/p>\n<p>Unter dem Gesetz;<\/p>\n<p>&nbsp;<\/p>\n<p><strong>Ausdr\u00fcckliche Einwilligung: <\/strong>Im Zusammenhang mit einem bestimmten Thema, basierend auf informierte Zustimmung und die frei wird, werden beschrieben;und<\/p>\n<p><strong>Pers\u00f6nliche Daten: <\/strong>Alle Informationen \u00fcber eine identifizierte oder identifizierbare Nat\u00fcrliche person;<\/p>\n<p><strong>Die personenbezogenen Daten der privaten Natur<\/strong>: Rasse, ethnische Herkunft, politische Meinung, philosophische \u00fcberzeugung, religion, Sekte, andere \u00fcberzeugungen, Kost\u00fcm und Kleidung, Verein oder Gewerkschaftsmitgliedschaft, Gesundheit, Sexualleben, strafrechtliche Verurteilungen und Sicherheitsma\u00dfnahmen sowie biometrische und genetische Daten;<\/p>\n<p><strong>Die Verarbeitung personenbezogener Daten: <\/strong>Ihre personenbezogenen Daten ganz oder teilweise automatisiert oder werden Teil der Daten Aufnahmesystem zur Erfassung nicht-automatische Mittel, die Beschaffung, Speicherung, Aufbewahrung, \u00e4nderung, Umstellung, Weitergabe, \u00fcbertragung, dem Erwerb, der erhalten werden kann, so dass die Klassifizierung, wie die Verhinderung der Nutzung oder Operationen, die durchgef\u00fchrt werden, auf die Daten verweist.<\/p>\n<p>&nbsp;<\/p>\n<ol>\n<li><strong>VERANTWORTLICH F\u00dcR DIE DATEN<\/strong><\/li>\n<\/ol>\n<p>&nbsp;<\/p>\n<p>In seiner Eigenschaft als Verantwortlicher f\u00fcr Ihre personenbezogenen Daten ist Ihre Daten <strong>Karaaslan landwirtschaftliche Produkte Industrie und Handel Ltd. Ltd.<\/strong> durch die Grunds\u00e4tze und Verfahren f\u00fcr die durch das Gesetz in \u00fcbereinstimmung mit den folgenden Grunds\u00e4tzen und in \u00fcbereinstimmung mit den Zwecken, beschrieben in diesem text im Rahmen, die verarbeitet werden k\u00f6nnen und, soweit gesetzlich zul\u00e4ssig, kann \u00fcbertragen werden auf einer begrenzten basis f\u00fcr den Zweck Sie verarbeitet werden.<\/p>\n<p>&nbsp;<\/p>\n<ol>\n<li>In \u00fcbereinstimmung mit dem Gesetz und den Regeln der Ehrlichkeit nicht sein.<\/li>\n<li>Aktualisiert werden und wenn notwendig korrigieren.<\/li>\n<li>Bestimmten, expliziten und rechtm\u00e4\u00dfigen Zwecken verarbeitet.<\/li>\n<li>In Verbindung mit dem Zweck Sie verarbeitet werden, zu begrenzt und zur\u00fcckhaltend.<\/li>\n<li>F\u00fcr den Zweck festgelegt in den einschl\u00e4gigen Rechtsvorschriften oder die Zeit, die erforderlich ist, werden gehalten, bis Sie verarbeitet werden.<\/li>\n<\/ol>\n<p>&nbsp;<\/p>\n<p>&nbsp;<\/p>\n<ol start=\"2\">\n<li><strong>IHRE PERSONENBEZOGENEN DATEN WERDEN VERARBEITET<\/strong><\/li>\n<\/ol>\n<p><strong>\u00a0<\/strong><\/p>\n<table width=\"614\">\n<tbody>\n<tr>\n<td width=\"194\"><strong>Anmeldeinformationen<\/strong><\/td>\n<td width=\"412\">Passport Seriennummer, Ausstellungsdatum, G\u00fcltigkeitsdatum, Vollst\u00e4ndigem Namen, Nationalit\u00e4t, Geburtsdatum, Alter, Familienstand, Geschlecht<\/td>\n<\/tr>\n<tr>\n<td width=\"194\"><strong>Kontakt Informationen<\/strong><\/td>\n<td width=\"412\">Telefonnummer, E-Mail-Adresse, Adresse<\/td>\n<\/tr>\n<tr>\n<td width=\"194\"><strong>Die Personenbezogenen Daten Der Privaten Natur<\/strong><\/td>\n<td width=\"412\">Personalausweis\/F\u00fchrerschein in das Bild von Ihrem Standort, der religion und der Blut-Gruppe<\/td>\n<\/tr>\n<tr>\n<td width=\"194\"><strong>Finanzinformationen<\/strong><\/td>\n<td width=\"412\">Bank, Kontonummer, Iban-Informationen<\/td>\n<\/tr>\n<tr>\n<td width=\"194\"><strong>System Access <\/strong><\/p>\n<p><strong>Berechtigungs Informationen<\/strong><\/td>\n<td width=\"412\">Das system der input-output-und Aktivit\u00e4tsprotokolle, Benutzername, Passwort, IP-Adressen<\/td>\n<\/tr>\n<tr>\n<td width=\"194\"><strong>Visuelle\/Auditive Informationen<\/strong><\/td>\n<td width=\"412\">Personalausweis\/Bild von Ihrem F\u00fchrerschein, befindet sich in den Fotos, Aufzeichnungen und Sicherheit Kamera<\/td>\n<\/tr>\n<tr>\n<td width=\"194\"><strong>Andere<\/strong><\/td>\n<td width=\"412\">Lehrer Lebensl\u00e4ufe, etc. Beruf und Titel Informationen, mit Stempel und Unterschrift Informationen, web site information<\/td>\n<\/tr>\n<\/tbody>\n<\/table>\n<p><strong>\u00a0<\/strong><\/p>\n<ol start=\"3\">\n<li><strong>Methoden der Erhebung von personenbezogenen Daten und rechtliche Gr\u00fcnde <\/strong><\/li>\n<\/ol>\n<p><strong>\u00a0<\/strong><\/p>\n<p>Ihre personenbezogenen Daten automatisch mit dem Datensatz ein Teil der Daten Aufnahmesystem oder nicht automatisierten Methoden und mit Informationen und Unterlagen von Ihnen \u00fcbermittelt werden oder die von unseren Konzernunternehmen und andere \u00e4hnliche Kan\u00e4le, durch m\u00fcndliche, schriftliche oder auf elektronischem Wege gesammelt werden.<\/p>\n<p>Ihre pers\u00f6nlichen Informationen, um unseren rechtlichen Verpflichtungen nachzukommen, Ihre Firma und\/oder die unentbehrlich f\u00fcr die Erf\u00fcllung eines Vertrags zwischen Ihnen und UNS, zwischen uns, verarbeiten wir die personenbezogenen Daten, die im Gesetz sieht vor, dass f\u00fcr die Errichtung der Zusammenarbeit vorgestellt, und die legitimen Interessen des Unternehmens durch Sie und\/oder von anderen Agenten im Auftrag Ihrer Firma\/Mitarbeiter personenbezogene Daten, die angefordert werden m\u00fcssen, die durch Sie und\/oder andere Vertreter von Ihr Unternehmen\/Ihre Mitarbeiter, um uns durch oral, eine physische oder elektronische Medien \u00fcbertragen werden durch die Kameras und die wir in Geb\u00e4ude, die dem Unternehmen als Folge von elektronische oder physische Sammlung verarbeitet werden.<\/p>\n<ul>\n<li>Ihre personenbezogenen Daten ist Artikel 5 des Gesetzes(1) auf der Grundlage Ihrer Einwilligung gem\u00e4\u00df; 5(2) die Bedingungen gem\u00e4\u00df Artikel ohne Ihre ausdr\u00fcckliche Zustimmung und in Anwesenheit von denen sind unten enthalten kann bearbeitet werden.<\/li>\n<\/ul>\n<ol>\n<li>Das Gesetz ausdr\u00fccklich vorgeschrieben.<\/li>\n<li>Aufgrund der tats\u00e4chlichen Unm\u00f6glichkeit nicht erkl\u00e4ren Einwilligung in die Falle der Rechtswirksamkeit der Zustimmung oder das Leben oder die k\u00f6rperliche Integrit\u00e4t der person, die unbekannte, die f\u00fcr den Schutz von sich selbst oder anderen ist obligatorisch.<\/li>\n<li>Direkt auf die Bildung oder die Erf\u00fcllung eines Vertrages, vorausgesetzt, dass die Parteien des Vertrages erforderlich ist f\u00fcr die Verarbeitung personenbezogener Daten.<\/li>\n<li>Es ist verpflichtend f\u00fcr den AUFTRAGGEBER zu erf\u00fcllen Ihre gesetzliche Verpflichtung Daten.<\/li>\n<li>\u00d6ffentlich verf\u00fcgbar, durch den Kontakt selbst.<\/li>\n<li>Verarbeitung von Daten ist obligatorisch f\u00fcr die Nutzung oder den Schutz eines rechts auf Eigentum.<\/li>\n<li>Die Grundrechte und-Freiheiten der betreffenden person zur Verf\u00fcgung gestellt zu verhindern die Besch\u00e4digung von Daten, Daten-die Verarbeitung ist vorgeschrieben f\u00fcr die legitimen Interessen des Auftraggebers.<\/li>\n<\/ol>\n<p>&nbsp;<\/p>\n<ul>\n<li>Au\u00dferhalb privaten qualifizierten Gesundheits-und sexuelle Leben der personenbezogenen Daten, Akt 6(2) kann auf der Grundlage Ihrer Einwilligung in \u00fcbereinstimmung mit.<\/li>\n<\/ul>\n<p>&nbsp;<\/p>\n<ul>\n<li>Ihre personenbezogenen Daten werden nicht von unserer Firma verarbeiteten, mit der Gesundheit und dem Sexualleben.<\/li>\n<\/ul>\n<p>&nbsp;<\/p>\n<ul>\n<li>In Ermangelung ausdr\u00fccklicher Zustimmung, k\u00f6nnen Ihre personenbezogenen Daten mit der Gesundheit und Sexualleben, jedoch zum Schutz der \u00d6ffentlichen Gesundheit, Pr\u00e4ventivmedizin, medizinischen Diagnose, Behandlung und Pflege-Dienste Ausf\u00fchrung, f\u00fcr die Zwecke der Planung und Verwaltung von Gesundheitsdiensten Finanzierung oder autorisierte Personen, die unter der Geheimhaltungspflicht verarbeitet werden k\u00f6nnen, die von der institution.<\/li>\n<\/ul>\n<p>&nbsp;<\/p>\n<ol start=\"4\">\n<li><strong>Zweck Der Verarbeitung Personenbezogener Daten<\/strong><\/li>\n<\/ol>\n<p><strong>\u00a0<\/strong><\/p>\n<p>Ihre pers\u00f6nlichen Daten gesammelt werden 5 des Gesetzes. und 6. das sind die Ziele der Artikel unten Erw\u00e4hnt werden verarbeitet werden innerhalb die Verarbeitung im Einklang mit den Bedingungen:<\/p>\n<p>&nbsp;<\/p>\n<ul>\n<li>Alle Projekte, die im Rahmen und in \u00fcbereinstimmung mit den Rechtsvorschriften, welche die Rechte der geltenden Gesetzgebung erfordert Sie zu gew\u00e4hrleisten, zur Erf\u00fcllung unserer gesetzlichen Aufgaben.<\/li>\n<li>Autorisierte Informationen zu erhalten und Dokumente in \u00fcbereinstimmung mit den Bestimmungen der einschl\u00e4gigen Gesetzgebung und der \u00f6ffentlichen\/privaten Institutionen und Agenturen im Recht,Auskunft zu geben<\/li>\n<li>Die Umsetzung und Erf\u00fcllung der Bedingungen und Konditionen des Vertrages, der zwischen uns,<\/li>\n<li>Sie sind der Vertreter der G\u00fcter und Dienstleistungen beschafft, die von Ihnen oder von der Firma, bei der Durchf\u00fchrung und Koordination von Unternehmen, der Kommunikation und Leistung der Vertrag in Bezug auf Qualit\u00e4t Kontrolle und Bewertung<\/li>\n<li>Die finanziellen und buchhalterischen Aufzeichnungen gehalten werden kann und Zahlung Prozess der Realisierung<\/li>\n<li>Girokonto-Er\u00f6ffnung und Konto Informationen werden gemeinsam mit dem top-management der bestehenden Kunden,<\/li>\n<li>Um in der Lage sein zu \u00fcberwachen und benachrichtigt werden, der den Scheck zur\u00fcckgegeben werden, Tschechisch,<\/li>\n<li>Lieferanten, Partnern, externen Dienstleistern sowie die Kommunikation zwischen Kunden,<\/li>\n<li>Lieferanten, Gesch\u00e4ftspartner, Mitarbeiter, die Unterst\u00fctzung durch externe Dienstleister<\/li>\n<li>Planung von Produkten und Dienstleistungen, Vertrieb und Organisation des Prozesses der Errichtung und Verwaltung<\/li>\n<li>Der Prozess des Vertrages und\/oder rechtliche Schritte Ausf\u00fchrung<\/li>\n<li>Die Durchf\u00fchrung Der Gesch\u00e4ftst\u00e4tigkeit\/Control<\/li>\n<li>Gruppe von Unternehmen, die Gesch\u00e4ftsprozesse und das management von Beziehungen mit Partnern und Lieferanten<\/li>\n<li>Management von Prozess in Bezug auf die Dienstleistung als externe Quelle<\/li>\n<li>Die Durchf\u00fchrung von logistischen T\u00e4tigkeiten,<\/li>\n<li>Lieferungen\/Leistungen die Ausf\u00fchrung der Kauf-Prozess,<\/li>\n<li>Von waren\/Dienstleistungen, after-sales-support-services f\u00fcr die Ausf\u00fchrung von<\/li>\n<li>Produkt\/service Durchf\u00fchrung des Verkaufsprozesses<\/li>\n<li>Das management der Kundenbeziehungen und der Kundenzufriedenheit, Prozesse,<\/li>\n<li>Die Planung und Durchf\u00fchrung von corporate-governance-Aktivit\u00e4ten,<\/li>\n<li>Die Durchf\u00fchrung von business-Finanz-und Rechnungswesen,<\/li>\n<li>Die Ausf\u00fchrung operativer Prozesse<\/li>\n<li>Von Leuten, die im business Beziehung mit unsere Unternehmen und unsere Unternehmen physische, rechtliche und kommerzielle Sicherheit der Energieversorgung<\/li>\n<li>Risiko-management, audit und Kontrolle der Ausf\u00fchrung der T\u00e4tigkeiten,<\/li>\n<li>Das management von business continuity und Informationssicherheit-Prozesse,<\/li>\n<li>Alle Aufzeichnungen und Unterlagen, wird der Schwerpunkt der Operationen der Organisation.<\/li>\n<\/ul>\n<p>&nbsp;<\/p>\n<p>&nbsp;<\/p>\n<ol start=\"5\">\n<li><strong>Weitergabe Personenbezogener Daten<\/strong><\/li>\n<\/ol>\n<p>&nbsp;<\/p>\n<p>Die oben genannte Verarbeitung Ihrer personenbezogenen Daten f\u00fcr die Zwecke oder aufgrund Ihrer ausdr\u00fccklichen Einwilligung, und die Verwirklichung der Ziele dieser text 3. in der Gegenwart vor Situationen, ohne Ihr ausdr\u00fcckliches Einverst\u00e4ndnis erhalten haben; f\u00fcr die Einrichtung und die Erf\u00fcllung von Vertr\u00e4gen, um unseren gesetzlichen Verpflichtungen vorbehaltlich der Schaden, den die Grundrechte und-Freiheiten der betreffenden person ist zwingend erforderlich f\u00fcr die berechtigten Interessen der Strafverfolgungsbeh\u00f6rden und die rechtlichen Gr\u00fcnde auf der Grundlage der folgenden Angaben f\u00fcr den Empf\u00e4nger gegeben werden, um Gruppen und Organisationen f\u00fcr die genannten Zwecke \u00fcbermittelt werden k\u00f6nnen.<\/p>\n<p>&nbsp;<\/p>\n<table width=\"623\">\n<tbody>\n<tr>\n<td width=\"194\"><strong>Daten K\u00f6nnen \u00dcbertragen Werden Zu Den Parteien, Die<\/strong><\/td>\n<td width=\"421\"><strong>Transport-Zwecke<\/strong><\/td>\n<\/tr>\n<tr>\n<td width=\"194\"><strong>Die zust\u00e4ndigen Beh\u00f6rden<\/strong><\/td>\n<td width=\"421\">Juristische Personen, die innerhalb der rechtlichen Befugnis der zust\u00e4ndigen \u00f6ffentlichen Institutionen und privaten Informationen-Dokument verlangen.<\/td>\n<\/tr>\n<tr>\n<td width=\"194\"><strong>Privatrechtliche Juristische Personen<\/strong><\/td>\n<td width=\"421\">Juristische Personen, die in die rechtliche Befugnis privater Informationen-Dokument-sharing<\/td>\n<\/tr>\n<tr>\n<td width=\"194\"><strong>Gesellschafter\/Partner <\/strong><\/td>\n<td width=\"421\">Gesellschaftsrecht, gewerblichen T\u00e4tigkeiten, die Durchf\u00fchrung der Prozess der Unternehmens-Kommunikation und Event-Management.<\/td>\n<\/tr>\n<tr>\n<td width=\"194\"><strong>Vertreter Des Unternehmens<\/strong><\/td>\n<td width=\"421\">Die Firma ist den kommerziellen Aktivit\u00e4ten, Strategien in Bezug auf design, Implementierung und management; \u00fcberwachung und Kontrolle der Durchf\u00fchrung von Risiko-management-Aktivit\u00e4ten.<\/td>\n<\/tr>\n<tr>\n<td width=\"194\"><strong>Unternehmen Der Gruppe<\/strong><\/td>\n<td width=\"421\">Ein Prozess, der erfordert die Teilnahme von kommerziellen Aktivit\u00e4ten der Gruppe Unternehmen, und die Ausf\u00fchrung von Prozessen.<\/td>\n<\/tr>\n<\/tbody>\n<\/table>\n<p>&nbsp;<\/p>\n<p>Ihre personenbezogenen Daten, durch die Bestimmung der ausdr\u00fccklichen Zustimmung, oder 3 dieses Textes. Situationen dar, in die Gegenwart ausdr\u00fcckliche Zustimmung des Gesetzes, ohne 9. nach dem Artikel, Den Schutz der Pers\u00f6nlichen Daten der Vorstand (&#034;Board&#034;) von fremden L\u00e4ndern, die einen ausreichenden Schutz ermittelt nach der Meldung, dass nur Personen, die den Bewohnern des Landes und seiner Institutionen, erkennen das fehlen von ausreichenden Schutz in der T\u00fcrkei und im Ausland f\u00fcr die L\u00e4nder verantwortlich f\u00fcr den angemessenen Schutz und schriftlich erkl\u00e4rt der transfer und die relevanten Daten erfolgt, wo es kann erhalten werden, der Genehmigung des Vorstands beschr\u00e4nkt sich auf die Bedingungen d\u00fcrfen im Ausland \u00fcbertragen.<\/p>\n<p>&nbsp;<\/p>\n<p>Unbeschadet der Bestimmungen des Internationalen \u00fcbereinkommens von personenbezogenen Daten in F\u00e4llen, in denen die betreffende person oder ernsthaft verletzt, die Interessen der T\u00fcrkei, jedoch, die zust\u00e4ndigen \u00f6ffentlichen Einrichtung, in Absprache mit dem Vorstand die Erlaubnis, und darf nicht ins Ausland transferiert werden.<\/p>\n<p>&nbsp;<\/p>\n<p>Ihre personenbezogenen Daten werden jedoch auf Antrag der Beh\u00f6rden, und bleibt, verpflichtet zur Offenlegung in \u00fcbereinstimmung mit den geltenden zwingenden Rechtsvorschriften in F\u00e4llen, wo die Beh\u00f6rden erkl\u00e4rt.<\/p>\n<p>&nbsp;<\/p>\n<p>Unsere Gesellschaft, Ihre personenbezogenen Daten, die Zwecke, den Umfang und die Aktivit\u00e4ten f\u00fcr andere Zwecke als die zu verwenden, und Sie nicht verkaufen.<\/p>\n<p>&nbsp;<\/p>\n<p>Die Verhinderung der rechtswidrigen Verarbeitung Ihrer personenbezogenen Daten und Ihre Daten vor unrechtm\u00e4\u00dfiger Zugriff auf Ihre pers\u00f6nlichen Daten, um gehalten zu werden, in einer sicheren Art und Weise und alle notwendigen technischen und administrativen Ma\u00dfnahmen werden von UNS \u00fcbernommen.<\/p>\n<p>&nbsp;<\/p>\n<p>&nbsp;<\/p>\n<ol start=\"6\">\n<li><strong>Was Sind Ihre Rechte Nach Dem Gesetz?<\/strong><\/li>\n<\/ol>\n<p>&nbsp;<\/p>\n<p>11 des Gesetzes. Kontaktieren Sie das Unternehmen jederzeit unter Klausel <u>Ihre pers\u00f6nlichen Daten<\/u>;<\/p>\n<p>&nbsp;<\/p>\n<ul>\n<li>Wenn er verarbeitet wurde, die Verarbeitungszwecke, ob oder nicht, k\u00f6nnen Sie lernen, die angemessene Verwendung und Zweck, und darf verlangen, dass die Informationen, die verarbeitet werden;<\/li>\n<li>In \u00fcbereinstimmung mit dem Recht einer Dritten person lernen kann, \u00fcbertragen wird innerhalb oder au\u00dferhalb des Landes;<\/li>\n<li>Wenn es ist fehlende oder falsch verarbeitet, k\u00f6nnen Sie einen Antrag Sie korrigiert haben;<\/li>\n<li>Sie k\u00f6nnen die L\u00f6schung oder Vernichtung nach den Bestimmungen des Gesetzes;<\/li>\n<li>Berichtigung, L\u00f6schung oder Zerst\u00f6rung Ihrer Daten an Dritte \u00fcbertragen, kann auf Anfrage mitgeteilt werden Forderungen;<\/li>\n<li>Durch die Analyse ausschlie\u00dflich durch automatisierte Systeme gefallen k\u00f6nnen eine Folge, die gegen Sie;<\/li>\n<li>In den Fall, Sie sind verletzt, durch die Verarbeitung in Verletzung des Gesetzes, Sie k\u00f6nnen auf Anfrage f\u00fcr die Sch\u00e4den behoben werden.<\/li>\n<\/ul>\n<p>&nbsp;<\/p>\n<p>Die Umsetzung des Gesetzes zu verwenden Sie Ihre Rechte in Bezug auf unser Unternehmen <a href=\"https:\/\/karaaslantarim.com\/de\/\">www.karaaslantarim.com<\/a>\u00a0 die Adresse gegeben. \u201c<strong>Der Eigent\u00fcmer Der Daten Antragsformular<\/strong>&#034;mit den unten genannten Methoden und anwenden, indem Sie die betreffende Anwendung, die Sie senden k\u00f6nnen. Der Schutz personenbezogener Daten bei der neuen Referenz-Methoden f\u00fcr die Ermittlung durch den Vorstand, dieser Methoden gegeben werden durch UNS.<\/p>\n<p>&nbsp;<\/p>\n<ul>\n<li>Nach dem ausf\u00fcllen der Eigent\u00fcmer der Daten-Anwendung form per hand oder \u00fcber einen Notar, pers\u00f6nlich unterschriebene Kopie nass <strong>Atat\u00fcrk MAh.22063 Sok No:46 AKSU\/ANTALYA<\/strong> die Adresse weitergeleitet werden.<\/li>\n<li>Ausf\u00fcllen des Antragsformulars und elektronische Signatur Gesetz No. 5070 Eigent\u00fcmer der Daten, die im Rahmen der \u201cNach Unterzeichnung mit einer sicheren elektronischen Signatur, der elektronischen form muss unterzeichnet werden durch die <a href=\"mailto:karaaslantarim@hs03.kep.tr\"><strong>karaaslantarim@hs03.kep.tr<\/strong><\/a> gesendet werden durch registrierte e-mail-Adresse.<\/li>\n<\/ul>\n<p>&nbsp;<\/p>\n<p>In diesem Zusammenhang, die maximal in der k\u00fcrzest m\u00f6glichen Zeit innerhalb von 30 Tage der Referenzen, die Sie machen werden geschlossen. F\u00fcr den moment der genannten Referenzen ist kostenlos. Jedoch, in die Falle, dass die Geb\u00fchr Zeitplan, um zu bestimmen, pers\u00f6nliche Daten protection board, im Einklang mit diesem tarif in Rechnung gestellt.<\/p>\n<p>&nbsp;<\/p>\n<ol start=\"7\">\n<li><strong>Die Aufbewahrungsdauer Von Personenbezogenen Daten<\/strong><\/li>\n<\/ol>\n<p><strong>\u00a0<\/strong><\/p>\n<p>Ihre personenbezogenen Daten werden in den einschl\u00e4gigen Rechtsvorschriften genannten oder die maximale Zeit, die erforderlich ist, f\u00fcr die oben genannten Zwecke, und wird wahrscheinlich beibehalten werden, bis die gesetzliche Verj\u00e4hrungsfrist. Wie oben dargelegt, geh\u00f6ren auch zu unserem Unternehmen mit Ihren pers\u00f6nlichen Daten ins Ausland physischen Archiven und e-mail-Server \u00fcber die beiden digitalen und physischen Raum und zog nach information systems gehalten werden k\u00f6nnen, unter Schutz.<\/p>\n<p>Der Fall des Verschwindens der Gr\u00fcnde, die erfordern, dass die Verarbeitung Ihrer pers\u00f6nlichen Daten haben, oder in den erforderlichen Zeitraum f\u00fcr die Verarbeitung Ihrer Daten in \u00fcbereinstimmung mit der Gesetzgebung, wenn es abgelaufen ist, das Unternehmen selbst oder in Perioden von sechs Monaten, sp\u00e4testens sp\u00e4testens innerhalb von drei\u00dfig Tagen von Ihrer Anfrage gel\u00f6scht, zerst\u00f6rt oder anonymisiert.<\/p>\n<p>&nbsp;<\/p>\n<p>Ki\u015fisel verilerinizin silinmesi, s\u00f6z konusu verilerin\u00a0teknik olarak depolanmas\u0131, korunmas\u0131 ve yedeklenmesinden sorumlu olan ki\u015fi ya da birim hari\u00e7 olmak \u00fczere \u015eirketimiz organizasyonu i\u00e7erisinde veya \u015eirketimizden ald\u0131\u011f\u0131 yetki ve talimat do\u011frultusunda ki\u015fisel verileri i\u015fleyen ki\u015filer i\u00e7in hi\u00e7bir \u015fekilde eri\u015filemez ve tekrar kullan\u0131lamaz hale getirilmesi i\u015flemidir. Ki\u015fisel verilerinizin yok edilmesi, ki\u015fisel verilerin hi\u00e7 kimse taraf\u0131ndan hi\u00e7bir \u015fekilde eri\u015filemez, geri getirilemez ve tekrar kullan\u0131lamaz hale getirilmesi i\u015flemidir. Ki\u015fisel verilerinizin anonim hale getirilmi\u015f olmas\u0131 i\u00e7in; bu verilerin, geri d\u00f6nd\u00fcrme ve verilerin ba\u015fka verilerle e\u015fle\u015ftirilmesi gibi kay\u0131t ortam\u0131 ve ilgili faaliyet alan\u0131 a\u00e7\u0131s\u0131ndan uygun tekniklerin kullan\u0131lmas\u0131 yoluyla dahi kimli\u011fi belirli veya belirlenebilir bir ger\u00e7ek ki\u015fiyle ili\u015fkilendirilemez hale getirilmesidir.<\/p>\n<p>&nbsp;<\/p>\n<p>Ki\u015fisel verilerinizin silinmesi, yok edilmesi ve anonim hale getirilmesiyle ilgili yap\u0131lan b\u00fct\u00fcn i\u015flemler kay\u0131t alt\u0131na al\u0131n\u0131r ve s\u00f6z konusu kay\u0131tlar gerekti\u011finde ilgili Bakanl\u0131\u011fa sunulmak \u00fczere i\u015flem tarihinden itibaren 3 y\u0131l saklan\u0131r.<\/p>\n<p>&nbsp;<\/p>\n<ol start=\"8\">\n<li><strong>Ki\u015fisel Verilerin G\u00fcncel ve Do\u011fru Tutulmas\u0131<\/strong><\/li>\n<\/ol>\n<p><strong>\u00a0<\/strong><\/p>\n<p>\u015eirketimiz Kanun kapsam\u0131nda uyar\u0131nca ki\u015fisel verilerinizi do\u011fru ve g\u00fcncel olarak tutmakla y\u00fck\u00fcml\u00fcd\u00fcr. Verilerinizin do\u011fru olmamas\u0131 veya herhangi bir surette de\u011fi\u015fikli\u011fe u\u011framas\u0131 halinde bizimle ileti\u015fime ge\u00e7erek verilerinizi g\u00fcncellemenizi rica ederiz.<\/p>\n<p>&nbsp;<\/p>\n<p>Bilgilerinize sayg\u0131lar\u0131m\u0131zla sunar\u0131z.<\/p>\n<p>&nbsp;<\/p>\n<p><strong>Veri Sorumlusu Bilgileri<\/strong><\/p>\n<p><strong>Karaaslan<\/strong> <strong>Tar\u0131m \u00dcr\u00fcnleri Sanayi ve Tic Ltd \u015eti\u00a0 \u00a0<\/strong><\/p>\n<p>ADRES\u00a0\u00a0\u00a0\u00a0\u00a0\u00a0\u00a0\u00a0\u00a0\u00a0\u00a0\u00a0\u00a0\u00a0\u00a0\u00a0\u00a0\u00a0\u00a0\u00a0\u00a0\u00a0\u00a0\u00a0\u00a0\u00a0\u00a0\u00a0\u00a0\u00a0\u00a0\u00a0\u00a0\u00a0 : Atat\u00fcrk Mah.22063 sok no:46 AKSU\/ANTALYA<\/p>\n<p>MERS\u0130S NO\u00a0\u00a0\u00a0\u00a0\u00a0\u00a0\u00a0\u00a0\u00a0\u00a0\u00a0\u00a0\u00a0\u00a0\u00a0\u00a0\u00a0\u00a0\u00a0\u00a0\u00a0\u00a0\u00a0\u00a0 :0501078788200017<\/p>\n<p>T\u0130CARET S\u0130C\u0130L NO\u00a0\u00a0\u00a0\u00a0\u00a0\u00a0\u00a0\u00a0\u00a0\u00a0\u00a0\u00a0 : 94867<\/p>\n<p>VERG\u0130 DA\u0130RES\u0130\u00a0\u00a0\u00a0\u00a0\u00a0\u00a0\u00a0\u00a0\u00a0\u00a0\u00a0\u00a0\u00a0\u00a0\u00a0\u00a0\u00a0\u00a0 : ANTALYA KURUMLAR<\/p>\n<p>VERG\u0130 NUMARASI\u00a0\u00a0\u00a0\u00a0\u00a0\u00a0\u00a0\u00a0\u00a0\u00a0\u00a0 :<strong> 5010787882<\/strong><\/p>\n<p>&nbsp;<\/p>","protected":false},"excerpt":{"rendered":"<p>K\u0130\u015e\u0130SEL VER\u0130LER\u0130N KORUNMASI VE \u0130\u015eLENMES\u0130NE \u0130L\u0130\u015eK\u0130N AYDINLATMA METN\u0130 GER\u00c7EK K\u0130\u015e\u0130  [&#8230;]<\/p>\n","protected":false},"author":1,"featured_media":0,"parent":0,"menu_order":0,"comment_status":"closed","ping_status":"closed","template":"","meta":{"footnotes":""},"class_list":["post-2928","page","type-page","status-publish","hentry"],"aioseo_notices":[],"_links":{"self":[{"href":"https:\/\/karaaslantarim.com\/de\/wp-json\/wp\/v2\/pages\/2928","targetHints":{"allow":["GET"]}}],"collection":[{"href":"https:\/\/karaaslantarim.com\/de\/wp-json\/wp\/v2\/pages"}],"about":[{"href":"https:\/\/karaaslantarim.com\/de\/wp-json\/wp\/v2\/types\/page"}],"author":[{"embeddable":true,"href":"https:\/\/karaaslantarim.com\/de\/wp-json\/wp\/v2\/users\/1"}],"replies":[{"embeddable":true,"href":"https:\/\/karaaslantarim.com\/de\/wp-json\/wp\/v2\/comments?post=2928"}],"version-history":[{"count":9,"href":"https:\/\/karaaslantarim.com\/de\/wp-json\/wp\/v2\/pages\/2928\/revisions"}],"predecessor-version":[{"id":3171,"href":"https:\/\/karaaslantarim.com\/de\/wp-json\/wp\/v2\/pages\/2928\/revisions\/3171"}],"wp:attachment":[{"href":"https:\/\/karaaslantarim.com\/de\/wp-json\/wp\/v2\/media?parent=2928"}],"curies":[{"name":"wp","href":"https:\/\/api.w.org\/{rel}","templated":true}]}}