{"id":2205,"date":"2023-05-12T12:37:39","date_gmt":"2023-05-12T12:37:39","guid":{"rendered":"https:\/\/karaaslantarim.com\/\/?page_id=2205"},"modified":"2026-03-25T11:35:03","modified_gmt":"2026-03-25T11:35:03","slug":"lojistik","status":"publish","type":"page","link":"https:\/\/karaaslantarim.com\/de\/lojistik","title":{"rendered":"Logistik"},"content":{"rendered":"<p><div class=\"fusion-fullwidth fullwidth-box fusion-builder-row-1 fusion-flex-container has-pattern-background has-mask-background hundred-percent-fullwidth hundred-percent-height hundred-percent-height-center-content non-hundred-percent-height-scrolling\" style=\"--awb-border-radius-top-left:0px;--awb-border-radius-top-right:0px;--awb-border-radius-bottom-right:0px;--awb-border-radius-bottom-left:0px;--awb-padding-top:0px;--awb-padding-right:0px;--awb-padding-left:0px;--awb-margin-top:-60px;--awb-flex-wrap:wrap;\" ><div class=\"fusion-builder-row fusion-row fusion-flex-align-items-flex-start fusion-flex-justify-content-space-between fusion-flex-content-wrap\" style=\"width:104% !important;max-width:104% !important;margin-left: calc(-4% \/ 2 );margin-right: calc(-4% \/ 2 );\"><div class=\"fusion-layout-column fusion_builder_column fusion-builder-column-0 fusion_builder_column_1_2 1_2 fusion-flex-column\" style=\"--awb-padding-top:50px;--awb-padding-right:50px;--awb-padding-left:100px;--awb-padding-right-small:40px;--awb-padding-left-small:40px;--awb-bg-size:cover;--awb-width-large:50%;--awb-margin-top-large:0px;--awb-spacing-right-large:0px;--awb-margin-bottom-large:20px;--awb-spacing-left-large:0px;--awb-width-medium:50%;--awb-order-medium:0;--awb-spacing-right-medium:0px;--awb-spacing-left-medium:0px;--awb-width-small:100%;--awb-order-small:0;--awb-spacing-right-small:1.92%;--awb-spacing-left-small:1.92%;\"><div class=\"fusion-column-wrapper fusion-column-has-shadow fusion-flex-justify-content-flex-start fusion-content-layout-row\"><div class=\"fusion-title title fusion-title-1 fusion-sep-none fusion-title-text fusion-title-size-three\"><h3 class=\"fusion-title-heading title-heading-left\" style=\"font-family:&quot;Poppins&quot;;font-style:normal;font-weight:500;margin:0;\">Logistik: stellen Sie sicher, dass jeder Bissen ist frisch und zeitnah<\/h3><\/div><div class=\"fusion-text fusion-text-1\" style=\"--awb-text-font-family:&quot;Poppins&quot;;--awb-text-font-style:normal;--awb-text-font-weight:400;\"><div class=\"fusion-text fusion-text-92 fusion-text-no-margin\">\n<p>Karaaslan frische der Landwirtschaft, wie geben wir das Wort, wenn wir es ernst meinen. Stock jede Meile und jede minute eines jeden Grad gepflegt gez\u00e4hlt, kombiniert, um sicherzustellen, dass unsere Produkte kommen, wie frisch, wie wenn Sie Ernte-Logistik Tauchen Sie ein in unsere Welt.<\/p>\n<p>&nbsp;<\/p>\n<\/div>\n<div class=\"fusion-separator fusion-full-width-sep\">\n<div class=\"fusion-separator-border sep-single sep-solid\"><\/div>\n<\/div>\n<\/div><div class=\"fusion-title title fusion-title-2 fusion-sep-none fusion-title-text fusion-title-size-three\"><h3 class=\"fusion-title-heading title-heading-left\" style=\"font-family:&quot;Poppins&quot;;font-style:normal;font-weight:500;margin:0;\">Pr\u00e4zisions-Orientierte Lieferung<\/h3><\/div><div class=\"fusion-text fusion-text-2\" style=\"--awb-text-font-family:&quot;Poppins&quot;;--awb-text-font-style:normal;--awb-text-font-weight:400;\"><div class=\"fusion-text fusion-text-92 fusion-text-no-margin\">\n<p>Er arbeitet unerm\u00fcdlich wandert auf den Stra\u00dfen der komplexen Logistik unser engagiertes team. Durch die Zusammenarbeit mit f\u00fchrenden Logistikunternehmen in der T\u00fcrkei, unsere Produkte, unsere Farmen zu Ihrer T\u00fcr, wir garantieren Ihnen eine perfekte Reise.<\/p>\n<p>&nbsp;<\/p>\n<\/div>\n<div class=\"fusion-separator fusion-full-width-sep\">\n<div class=\"fusion-separator-border sep-single sep-solid\"><\/div>\n<\/div>\n<\/div><div class=\"fusion-title title fusion-title-3 fusion-sep-none fusion-title-text fusion-title-size-three\"><h3 class=\"fusion-title-heading title-heading-left\" style=\"font-family:&quot;Poppins&quot;;font-style:normal;font-weight:500;margin:0;\">Temperatur Excellence<\/h3><\/div><div class=\"fusion-text fusion-text-3\" style=\"--awb-text-font-family:&quot;Poppins&quot;;--awb-text-font-style:normal;--awb-text-font-weight:400;\"><div class=\"fusion-text fusion-text-92 fusion-text-no-margin\">\n<p>Qualit\u00e4t Zeit wird Sie Umfallen? Er ist nicht in unserem Gewahrsam! Termoking Systeme durch den Einsatz der neuesten Technologie, die wir sorgf\u00e4ltig sch\u00fctzen die interne Temperatur von unsere Produkte. Unsere Produkte aus dem moment, in dem Sie verpackt sind, bis auf den ersten Tag, als er war knusprig, frisch und lecker bleibt.<\/p>\n<p>&nbsp;<\/p>\n<\/div>\n<div class=\"fusion-separator fusion-full-width-sep\">\n<div class=\"fusion-separator-border sep-single sep-solid\"><\/div>\n<\/div>\n<\/div><\/div><\/div><div class=\"fusion-layout-column fusion_builder_column fusion-builder-column-1 fusion_builder_column_1_2 1_2 fusion-flex-column fusion-flex-align-self-stretch\" style=\"--awb-bg-image:url(&#039;https:\/\/karaaslantarim.com\/wp-content\/uploads\/2023\/09\/7-1.jpg&#039;);--awb-bg-position:center center;--awb-bg-size:cover;--awb-width-large:50%;--awb-margin-top-large:0px;--awb-spacing-right-large:0px;--awb-margin-bottom-large:20px;--awb-spacing-left-large:0px;--awb-width-medium:50%;--awb-order-medium:0;--awb-spacing-right-medium:0px;--awb-spacing-left-medium:0px;--awb-width-small:100%;--awb-order-small:0;--awb-spacing-right-small:1.92%;--awb-spacing-left-small:1.92%;\"><div class=\"fusion-column-wrapper fusion-column-has-shadow fusion-flex-justify-content-space-between fusion-content-layout-row fusion-empty-column-bg-image fusion-column-has-bg-image\" data-bg-url=\"https:\/\/karaaslantarim.com\/wp-content\/uploads\/2023\/09\/7-1.jpg\"><img decoding=\"async\" class=\"fusion-empty-dims-img-placeholder\" aria-label=\"7\" src=\"data:image\/svg+xml,%3Csvg%20xmlns%3D%27http%3A%2F%2Fwww.w3.org%2F2000%2Fsvg%27%20width%3D%271920%27%20height%3D%271080%27%20viewBox%3D%270%200%201920%201080%27%3E%3Crect%20width%3D%271920%27%20height%3D%271080%27%20fill-opacity%3D%220%22%2F%3E%3C%2Fsvg%3E\"><\/div><\/div><\/div><\/div><div class=\"fusion-fullwidth fullwidth-box fusion-builder-row-2 fusion-flex-container has-pattern-background has-mask-background hundred-percent-fullwidth hundred-percent-height hundred-percent-height-center-content non-hundred-percent-height-scrolling\" style=\"--awb-border-radius-top-left:0px;--awb-border-radius-top-right:0px;--awb-border-radius-bottom-right:0px;--awb-border-radius-bottom-left:0px;--awb-padding-top:0px;--awb-padding-right:0px;--awb-padding-left:0px;--awb-margin-top:-20px;--awb-flex-wrap:wrap;\" ><div class=\"fusion-builder-row fusion-row fusion-flex-align-items-flex-start fusion-flex-justify-content-space-between fusion-flex-content-wrap\" style=\"width:104% !important;max-width:104% !important;margin-left: calc(-4% \/ 2 );margin-right: calc(-4% \/ 2 );\"><div class=\"fusion-layout-column fusion_builder_column fusion-builder-column-2 fusion_builder_column_1_2 1_2 fusion-flex-column fusion-flex-align-self-stretch\" style=\"--awb-bg-image:url(&#039;https:\/\/karaaslantarim.com\/wp-content\/uploads\/2026\/03\/karaarslan_bnnr.png&#039;);--awb-bg-position:center center;--awb-bg-size:cover;--awb-width-large:50%;--awb-margin-top-large:0px;--awb-spacing-right-large:0px;--awb-margin-bottom-large:20px;--awb-spacing-left-large:0px;--awb-width-medium:50%;--awb-order-medium:0;--awb-spacing-right-medium:0px;--awb-spacing-left-medium:0px;--awb-width-small:100%;--awb-order-small:0;--awb-spacing-right-small:1.92%;--awb-spacing-left-small:1.92%;\"><div class=\"fusion-column-wrapper fusion-column-has-shadow fusion-flex-justify-content-space-between fusion-content-layout-row fusion-empty-column-bg-image fusion-column-has-bg-image\" data-bg-url=\"https:\/\/karaaslantarim.com\/wp-content\/uploads\/2026\/03\/karaarslan_bnnr.png\"><img decoding=\"async\" class=\"fusion-empty-dims-img-placeholder\" aria-label=\"karaarslan_bnnr\" src=\"data:image\/svg+xml,%3Csvg%20xmlns%3D%27http%3A%2F%2Fwww.w3.org%2F2000%2Fsvg%27%20width%3D%271536%27%20height%3D%271024%27%20viewBox%3D%270%200%201536%201024%27%3E%3Crect%20width%3D%271536%27%20height%3D%271024%27%20fill-opacity%3D%220%22%2F%3E%3C%2Fsvg%3E\"><\/div><\/div><div class=\"fusion-layout-column fusion_builder_column fusion-builder-column-3 fusion_builder_column_1_2 1_2 fusion-flex-column\" style=\"--awb-padding-top:50px;--awb-padding-right:50px;--awb-padding-left:100px;--awb-padding-right-small:40px;--awb-padding-left-small:40px;--awb-bg-size:cover;--awb-width-large:50%;--awb-margin-top-large:0px;--awb-spacing-right-large:0px;--awb-margin-bottom-large:20px;--awb-spacing-left-large:0px;--awb-width-medium:50%;--awb-order-medium:0;--awb-spacing-right-medium:0px;--awb-spacing-left-medium:0px;--awb-width-small:100%;--awb-order-small:0;--awb-spacing-right-small:1.92%;--awb-spacing-left-small:1.92%;\"><div class=\"fusion-column-wrapper fusion-column-has-shadow fusion-flex-justify-content-flex-start fusion-content-layout-row\"><div class=\"fusion-title title fusion-title-4 fusion-sep-none fusion-title-text fusion-title-size-three\"><h3 class=\"fusion-title-heading title-heading-left\" style=\"font-family:&quot;Poppins&quot;;font-style:normal;font-weight:500;margin:0;\">Real-Time-Tracking<\/h3><\/div><div class=\"fusion-text fusion-text-4\" style=\"--awb-text-font-family:&quot;Poppins&quot;;--awb-text-font-style:normal;--awb-text-font-weight:400;\"><div class=\"fusion-text fusion-text-92 fusion-text-no-margin\">\n<p>Dank unserer innovativen tracking-system, sind wir uns stets bewusst Entwicklungen. Routen, die von folgenden durch folgenden die Vorhersage von Ankunftszeiten und Temperatur-Bedingungen, \u00fcberlassen wir nichts dem Zufall. Und erraten, was? Nie im Dunkeln bist du nicht. Unser system l\u00e4sst Sie wissen genau, Wann und was in die Zukunft.<\/p>\n<p>&nbsp;<\/p>\n<\/div>\n<div class=\"fusion-separator fusion-full-width-sep\">\n<div class=\"fusion-separator-border sep-single sep-solid\"><\/div>\n<\/div>\n<\/div><div class=\"fusion-title title fusion-title-5 fusion-sep-none fusion-title-text fusion-title-size-three\"><h3 class=\"fusion-title-heading title-heading-left\" style=\"font-family:&quot;Poppins&quot;;font-style:normal;font-weight:500;margin:0;\">Proaktive Probleml\u00f6sung<\/h3><\/div><div class=\"fusion-text fusion-text-5\" style=\"--awb-text-font-family:&quot;Poppins&quot;;--awb-text-font-style:normal;--awb-text-font-weight:400;\"><div class=\"fusion-text fusion-text-92 fusion-text-no-margin\">\n<p>Pannen und Unf\u00e4lle passieren auf der Stra\u00dfe? Unvorhergesehene Verz\u00f6gerungen,? Wir stehen auf, noch bevor Sie zum problem werden. Unser Logistik-team Herausforderungen antizipieren und zu \u00fcberwinden, hat die F\u00e4higkeit der Bereitstellung unserer Produkte zu erreichen Sie so bald wie m\u00f6glich.<\/p>\n<p>&nbsp;<\/p>\n<\/div>\n<div class=\"fusion-separator fusion-full-width-sep\">\n<div class=\"fusion-separator-border sep-single sep-solid\"><\/div>\n<\/div>\n<\/div><\/div><\/div><\/div><\/div><div class=\"fusion-fullwidth fullwidth-box fusion-builder-row-3 fusion-flex-container has-pattern-background has-mask-background hundred-percent-fullwidth hundred-percent-height hundred-percent-height-center-content non-hundred-percent-height-scrolling\" style=\"--awb-border-radius-top-left:0px;--awb-border-radius-top-right:0px;--awb-border-radius-bottom-right:0px;--awb-border-radius-bottom-left:0px;--awb-padding-top:0px;--awb-padding-right:0px;--awb-padding-bottom:0px;--awb-padding-left:0px;--awb-margin-top:-20px;--awb-margin-bottom:-70px;--awb-flex-wrap:wrap;\" ><div class=\"fusion-builder-row fusion-row fusion-flex-align-items-flex-start fusion-flex-justify-content-space-between fusion-flex-content-wrap\" style=\"width:104% !important;max-width:104% !important;margin-left: calc(-4% \/ 2 );margin-right: calc(-4% \/ 2 );\"><div class=\"fusion-layout-column fusion_builder_column fusion-builder-column-4 fusion_builder_column_1_2 1_2 fusion-flex-column\" style=\"--awb-padding-top:50px;--awb-padding-right:50px;--awb-padding-left:100px;--awb-padding-right-small:40px;--awb-padding-left-small:40px;--awb-bg-size:cover;--awb-width-large:50%;--awb-margin-top-large:0px;--awb-spacing-right-large:0px;--awb-margin-bottom-large:20px;--awb-spacing-left-large:0px;--awb-width-medium:50%;--awb-order-medium:0;--awb-spacing-right-medium:0px;--awb-spacing-left-medium:0px;--awb-width-small:100%;--awb-order-small:0;--awb-spacing-right-small:1.92%;--awb-spacing-left-small:1.92%;\"><div class=\"fusion-column-wrapper fusion-column-has-shadow fusion-flex-justify-content-flex-start fusion-content-layout-row\"><div class=\"fusion-title title fusion-title-6 fusion-sep-none fusion-title-text fusion-title-size-three\"><h3 class=\"fusion-title-heading title-heading-left\" style=\"font-family:&quot;Poppins&quot;;font-style:normal;font-weight:500;margin:0;\">Innovative Anstrengungen<\/h3><\/div><div class=\"fusion-text fusion-text-6\" style=\"--awb-text-font-family:&quot;Poppins&quot;;--awb-text-font-style:normal;--awb-text-font-weight:400;\"><div class=\"fusion-text fusion-text-92 fusion-text-no-margin\">\n<p>Wir nicht, wir pflegen nur die standards, mit der wir die Messlatte. Unsere st\u00e4ndige Suche nach besseren L\u00f6sungen uns, die neueste Technik, software-Entwicklung, und die weitere Entwicklung unserer Logistik wird immer tun unser bestes, um sicherzustellen, dass Sie F\u00dcHRTE.<\/p>\n<p>&nbsp;<\/p>\n<\/div>\n<div class=\"fusion-separator fusion-full-width-sep\">\n<div class=\"fusion-separator-border sep-single sep-solid\"><\/div>\n<\/div>\n<\/div><div class=\"fusion-title title fusion-title-7 fusion-sep-none fusion-title-text fusion-title-size-three\"><h3 class=\"fusion-title-heading title-heading-left\" style=\"font-family:&quot;Poppins&quot;;font-style:normal;font-weight:500;margin:0;\">Konsistenz Ist Der Schl\u00fcssel<\/h3><\/div><div class=\"fusion-text fusion-text-7\" style=\"--awb-text-font-family:&quot;Poppins&quot;;--awb-text-font-style:normal;--awb-text-font-weight:400;\"><div class=\"fusion-text fusion-text-92 fusion-text-no-margin\">\n<p>Wir glauben nicht an Gl\u00fcck. Unser team wird durch die st\u00e4ndige \u00fcberwachung und strenge Kontrollen daf\u00fcr, dass unsere Lieferung ist die gleiche. Dies ist nur dass es nicht die eine perfekte Lieferung jedes mal mit Perfektion geht.<\/p>\n<p>Probiert einen Bissen von Produkten Karaaslan, ist es ein Geschenk der Natur ist nicht der beste der Natur in der gleichen Zeit, auf Zeit, jedes mal, wenn die Logistik l\u00e4uft Ihr Gericht zu bringen, unz\u00e4hlige Stunden Tag und Nacht, ist ein Beweis der Hingabe und unser team wissen, dass.\n<\/p>\n<\/div>\n<div class=\"fusion-separator fusion-full-width-sep\">\n<div class=\"fusion-separator-border sep-single sep-solid\"><\/div>\n<\/div>\n<\/div><\/div><\/div><div class=\"fusion-layout-column fusion_builder_column fusion-builder-column-5 fusion_builder_column_1_2 1_2 fusion-flex-column fusion-flex-align-self-stretch\" style=\"--awb-bg-image:url(&#039;https:\/\/karaaslantarim.com\/wp-content\/uploads\/2023\/09\/4.jpg&#039;);--awb-bg-position:center center;--awb-bg-size:cover;--awb-width-large:50%;--awb-margin-top-large:0px;--awb-spacing-right-large:0px;--awb-margin-bottom-large:20px;--awb-spacing-left-large:0px;--awb-width-medium:50%;--awb-order-medium:0;--awb-spacing-right-medium:0px;--awb-spacing-left-medium:0px;--awb-width-small:100%;--awb-order-small:0;--awb-spacing-right-small:1.92%;--awb-spacing-left-small:1.92%;\"><div class=\"fusion-column-wrapper fusion-column-has-shadow fusion-flex-justify-content-space-between fusion-content-layout-row fusion-empty-column-bg-image fusion-column-has-bg-image\" data-bg-url=\"https:\/\/karaaslantarim.com\/wp-content\/uploads\/2023\/09\/4.jpg\"><img decoding=\"async\" class=\"fusion-empty-dims-img-placeholder\" aria-label=\"4\" src=\"data:image\/svg+xml,%3Csvg%20xmlns%3D%27http%3A%2F%2Fwww.w3.org%2F2000%2Fsvg%27%20width%3D%271920%27%20height%3D%271080%27%20viewBox%3D%270%200%201920%201080%27%3E%3Crect%20width%3D%271920%27%20height%3D%271080%27%20fill-opacity%3D%220%22%2F%3E%3C%2Fsvg%3E\"><\/div><\/div><\/div><\/div><\/p>","protected":false},"excerpt":{"rendered":"","protected":false},"author":1,"featured_media":3304,"parent":0,"menu_order":0,"comment_status":"closed","ping_status":"closed","template":"100-width.php","meta":{"footnotes":""},"class_list":["post-2205","page","type-page","status-publish","has-post-thumbnail","hentry"],"aioseo_notices":[],"_links":{"self":[{"href":"https:\/\/karaaslantarim.com\/de\/wp-json\/wp\/v2\/pages\/2205","targetHints":{"allow":["GET"]}}],"collection":[{"href":"https:\/\/karaaslantarim.com\/de\/wp-json\/wp\/v2\/pages"}],"about":[{"href":"https:\/\/karaaslantarim.com\/de\/wp-json\/wp\/v2\/types\/page"}],"author":[{"embeddable":true,"href":"https:\/\/karaaslantarim.com\/de\/wp-json\/wp\/v2\/users\/1"}],"replies":[{"embeddable":true,"href":"https:\/\/karaaslantarim.com\/de\/wp-json\/wp\/v2\/comments?post=2205"}],"version-history":[{"count":13,"href":"https:\/\/karaaslantarim.com\/de\/wp-json\/wp\/v2\/pages\/2205\/revisions"}],"predecessor-version":[{"id":3306,"href":"https:\/\/karaaslantarim.com\/de\/wp-json\/wp\/v2\/pages\/2205\/revisions\/3306"}],"wp:featuredmedia":[{"embeddable":true,"href":"https:\/\/karaaslantarim.com\/de\/wp-json\/wp\/v2\/media\/3304"}],"wp:attachment":[{"href":"https:\/\/karaaslantarim.com\/de\/wp-json\/wp\/v2\/media?parent=2205"}],"curies":[{"name":"wp","href":"https:\/\/api.w.org\/{rel}","templated":true}]}}